{"id":70126,"date":"2022-09-23T18:43:05","date_gmt":"2022-09-23T18:43:05","guid":{"rendered":"https:\/\/tutorbird23.dev.onpressidium.com\/gestion-des-etudiants\/"},"modified":"2024-10-09T14:24:16","modified_gmt":"2024-10-09T14:24:16","slug":"gestion-des-etudiants","status":"publish","type":"page","link":"https:\/\/www.tutorbird.com\/fr\/gestion-des-etudiants\/","title":{"rendered":"Gestion des \u00e9tudiants"},"content":{"rendered":"<div class=\"gb-container gb-container-7aa6265c\"><div class=\"gb-inside-container\">\n<div class=\"gb-container gb-container-db3890d4 align-text-center-features\"><div class=\"gb-inside-container\">\n\n<div class=\"feature-menu-2\">\n<ul class=\"mob-menu\">\n \t<li class=\"current features-menu\"><a href=\"https:\/\/www.tutorbird.com\/fr\/gestion-des-etudiants\/\">Gestion des \u00e9tudiants<\/a><\/li>\n \t<li class=\"features-menu\"><a href=\"https:\/\/www.tutorbird.com\/fr\/calendrier-et-presences\/\">Calendrier et pr\u00e9sences<\/a><\/li>\n \t<li class=\"features-menu\"><a href=\"https:\/\/www.tutorbird.com\/fr\/factures-et-paiements\/\">Factures et paiements<\/a><\/li>\n \t<li class=\"features-menu\"><a href=\"https:\/\/www.tutorbird.com\/fr\/fonctionnalites-dentreprise\/\">Fonctionnalit\u00e9s d&rsquo;entreprise<\/a><\/li>\n \t<li class=\"features-menu\"><a href=\"https:\/\/www.tutorbird.com\/fr\/gestion-de-lapprentissage\/\">Gestion de l&rsquo;apprentissage<\/a><\/li>\n \t<li class=\"features-menu\"><a href=\"https:\/\/www.tutorbird.com\/fr\/multi-tuteur\/\">Multi-Tuteur<\/a><\/li>\n \t<li class=\"features-menu\"><a href=\"https:\/\/www.tutorbird.com\/fr\/portail-etudiant\/\">Portail \u00e9tudiant<\/a><\/li>\n        <li class=\"features-menu\"><a href=\"https:\/\/www.tutorbird.com\/fr\/integrations\/\">Int\u00e9grations<\/a><\/li>\n        <li class=\"last features-menu\"><a href=\"https:\/\/www.tutorbird.com\/fr\/createur-du-site-web\/\">Cr\u00e9ateur du site web<\/a><\/li>\n<\/ul>\n<\/div>\n\n<\/div><\/div>\n\n<div data-aos=\"fade-up\" class=\"gb-container gb-container-fc6371ee\"><div class=\"gb-inside-container\">\n\n<h1 class=\"wp-block-heading has-text-align-center feature-header has-contrast-color has-text-color\">Gestion des \u00e9tudiants<\/h1>\n\n\n<div class=\"gb-container gb-container-033bdd0e\"><div class=\"gb-inside-container\">\n\n<p class=\"has-text-align-center feature-page-subheader has-medium-font-size\">Gardez une trace des informations et de la communication avec vos \u00e9tudiants <strong>au m\u00eame endroit.<\/strong><\/p>\n\n<\/div><\/div>\n<\/div><\/div>\n<\/div><div class=\"gb-shapes\"><div class=\"gb-shape gb-shape-1\"><svg xmlns=\"http:\/\/www.w3.org\/2000\/svg\" viewBox=\"0 0 1200 137.6\" preserveAspectRatio=\"none\"><path d=\"M0 137.6h1200V21.9l-66.7 26.7c-66.7 26.7-200 80-333.3 66.7S533.3 21.9 400 4.2C266.7-13.9 133.3 31.1 66.7 53L0 75.3v62.3z\"\/><\/svg><\/div><\/div><\/div>\n\n<div data-aos=\"fade-up\" class=\"gb-container gb-container-e899c9b4\"><div class=\"gb-inside-container\">\n\n<figure class=\"gb-block-image gb-block-image-e6d5d8a7\"><img loading=\"lazy\" decoding=\"async\" width=\"1283\" height=\"833\" class=\"gb-image gb-image-e6d5d8a7\" src=\"https:\/\/www.tutorbird.com\/wp-content\/uploads\/2024\/10\/sm-fr@2x-1.png\" alt=\"\" title=\"sm-fr@2x\" srcset=\"https:\/\/www.tutorbird.com\/wp-content\/uploads\/2024\/10\/sm-fr@2x-1.png 1283w, https:\/\/www.tutorbird.com\/wp-content\/uploads\/2024\/10\/sm-fr@2x-1-300x195.png 300w, https:\/\/www.tutorbird.com\/wp-content\/uploads\/2024\/10\/sm-fr@2x-1-1024x665.png 1024w, https:\/\/www.tutorbird.com\/wp-content\/uploads\/2024\/10\/sm-fr@2x-1-768x499.png 768w\" sizes=\"auto, (max-width: 1283px) 100vw, 1283px\" \/><\/figure>\n\n<\/div><\/div>\n\n<div data-aos=\"fade-up\" class=\"gb-container gb-container-b888acb6\"><div class=\"gb-inside-container\">\n\n<h2 class=\"text_background_color\">Tous vos \u00e9tudiants <span>en un seul endroit !<\/span><\/h2>\n\n\n\n<p class=\"p-style\" style=\"font-size:18px\">Dites adieu aux tableurs, listes de contacts, cha\u00eenes d&#8217;emails et formulaires d&rsquo;inscription papier. TutorBird garde tout ce que vous devez savoir sur vos familles dans un emplacement central facile \u00e0 g\u00e9rer.  <\/p>\n\n\n<div class=\"gb-container gb-container-ea636631\"><div class=\"gb-inside-container\">\n<div class=\"gb-button-wrapper gb-button-wrapper-a9809165\">\n\n<a class=\"gb-button gb-button-5b99cb9b gb-button-text yellow-button\" href=\"https:\/\/www.tutorbird.com\/fr\/rejoignez-gratuitement\/\">Essayez-le gratuitement d\u00e8s aujourd&rsquo;hui !<\/a>\n\n<\/div>\n<\/div><\/div>\n<\/div><\/div>\n\n<div data-aos=\"fade-up\" class=\"gb-container gb-container-9d39c55b tablet-hide\"><div class=\"gb-inside-container\">\n\n<figure class=\"wp-block-image size-full\"><img loading=\"lazy\" decoding=\"async\" width=\"358\" height=\"295\" src=\"https:\/\/www.tutorbird.com\/wp-content\/uploads\/2023\/11\/dots-green.png\" alt=\"\" class=\"wp-image-64774\" srcset=\"https:\/\/www.tutorbird.com\/wp-content\/uploads\/2023\/11\/dots-green.png 358w, https:\/\/www.tutorbird.com\/wp-content\/uploads\/2023\/11\/dots-green-300x247.png 300w\" sizes=\"auto, (max-width: 358px) 100vw, 358px\" \/><\/figure>\n\n<\/div><\/div>\n\n<div data-aos=\"fade-up\" class=\"gb-container gb-container-d07d7ad8\"><div class=\"gb-inside-container\">\n<style>.kt-blocks-testimonials-wrap70126_655b19-35 .kt-svg-testimonial-global-icon{font-size:30px;}.kt-blocks-testimonials-wrap70126_655b19-35 .kt-testimonial-rating-wrap .kb-svg-icon-wrap{color:#ffd700;font-size:16px;}.kt-blocks-testimonials-wrap70126_655b19-35 .kt-testimonial-grid-wrap{gap:30px;}.kt-blocks-testimonials-wrap70126_655b19-35 .kt-testimonial-item-wrap{padding-top:20px;padding-right:20px;padding-bottom:20px;padding-left:20px;}.kt-blocks-testimonials-wrap70126_655b19-35 .kt-testimonial-content{color:var(--contrast-3);font-size:19px;line-height:43px;font-family:Poppins;font-style:normal;font-weight:300;}.kt-blocks-testimonials-wrap70126_655b19-35 .kt-testimonial-name{color:rgba(51,204,204,0.65);font-size:20px;font-weight:bold;}.kt-blocks-testimonials-wrap70126_655b19-35 .kt-testimonial-occupation{color:var(--contrast-3);font-size:13px;}.kt-blocks-testimonials-wrap70126_655b19-35 .kt-testimonial-item-wrap{max-width:1000px;}@media all and (max-width: 767px){.kt-blocks-testimonials-wrap70126_655b19-35{padding-top:px;padding-bottom:px;margin-top:px;margin-bottom:px;}}<\/style><div class=\"kt-blocks-testimonials-wrap70126_655b19-35 kt-testimonial-halign-center kt-testimonial-style-basic kt-testimonials-media-off kt-testimonials-icon-off kt-testimonial-columns-1 kt-t-xxl-col-1 kt-t-xl-col-1 kt-t-lg-col-1 kt-t-md-col-1 kt-t-sm-col-1 kt-t-xs-col-1 wp-block-kadence-testimonials\"><ul class=\"kt-blocks-testimonials-inner-wrap kt-testimonial-grid-wrap\">\n<li class=\"kt-testimonial-grid-item\"><div class=\"kt-testimonial-item-wrap kt-testimonial-item-70126_188326-59 wp-block-kadence-testimonial\"><div class=\"kt-testimonial-text-wrap\"><div class=\"kt-testimonial-content-wrap\"><blockquote class=\"kt-testimonial-content\"><em>\u00ab La principale fonctionnalit\u00e9 que je voulais avec TutorBird \u00e9tait la possibilit\u00e9 d&rsquo;organiser tous mes clients, leurs d\u00e9tails, notes de cours et e-mails avec des syst\u00e8mes automatis\u00e9s et rapides\/confortables (au lieu de devoir saisir lentement tous les d\u00e9tails dans une feuille de calcul et d&rsquo;envoyer des e-mails individuellement, ce que j&rsquo;ai fait pendant des ann\u00e9es). TB a absolument surpass\u00e9 mes attentes \u00e0 cet \u00e9gard ! \u00bb <\/em><\/blockquote><\/div><\/div><div class=\"kt-testimonial-meta-wrap\"><div class=\"kt-testimonial-meta-name-wrap\"><div class=\"kt-testimonial-name-wrap\"><div class=\"kt-testimonial-name\">&#8211; Tony S.<\/div><\/div><\/div><\/div><\/div><\/li>\n<\/ul><\/div>\n<\/div><\/div>\n\n<div data-aos=\"fade-up\" class=\"gb-container gb-container-35492a31\"><div class=\"gb-inside-container\">\n<div class=\"gb-container gb-container-3df6ddd6\"><div class=\"gb-inside-container\">\n<div class=\"gb-grid-wrapper gb-grid-wrapper-c68aad39\">\n<div class=\"gb-grid-column gb-grid-column-2616041c\"><div class=\"gb-container gb-container-2616041c\"><div class=\"gb-inside-container\">\n\n<figure class=\"gb-block-image gb-block-image-b9491720\"><img loading=\"lazy\" decoding=\"async\" width=\"929\" height=\"859\" class=\"gb-image gb-image-b9491720\" src=\"https:\/\/www.tutorbird.com\/wp-content\/uploads\/2023\/11\/manage-student-list@2x.png\" alt=\"\" title=\"manage-student-list@2x\" srcset=\"https:\/\/www.tutorbird.com\/wp-content\/uploads\/2023\/11\/manage-student-list@2x.png 929w, https:\/\/www.tutorbird.com\/wp-content\/uploads\/2023\/11\/manage-student-list@2x-300x277.png 300w, https:\/\/www.tutorbird.com\/wp-content\/uploads\/2023\/11\/manage-student-list@2x-768x710.png 768w\" sizes=\"auto, (max-width: 929px) 100vw, 929px\" \/><\/figure>\n\n<\/div><\/div><\/div>\n\n<div class=\"gb-grid-column gb-grid-column-9978af6f\"><div class=\"gb-container gb-container-9978af6f\"><div class=\"gb-inside-container\">\n\n<h2 class=\"wp-block-heading\">G\u00e9rer votre liste d&rsquo;\u00e9tudiants<\/h2>\n\n\n\n<p class=\"p-style\">Ajoutez vos \u00e9tudiants en quelques clics seulement &#8211; incluez autant ou aussi peu d&rsquo;informations que n\u00e9cessaire ! Incluez les informations de contact, les membres de la famille, des notes et des pi\u00e8ces jointes, et bien plus encore. De plus, ajoutez les anniversaires des \u00e9tudiants pour envoyer un email d&rsquo;anniversaire automatis\u00e9 !  <\/p>\n\n<\/div><\/div><\/div>\n<\/div>\n<\/div><\/div>\n<\/div><\/div>\n\n<div data-aos=\"fade-up\" class=\"gb-container gb-container-fc84779d\"><div class=\"gb-inside-container\">\n<div class=\"gb-grid-wrapper gb-grid-wrapper-41a3c7f9\">\n<div class=\"gb-grid-column gb-grid-column-f227928b\"><div class=\"gb-container gb-container-f227928b\"><div class=\"gb-inside-container\">\n\n<figure class=\"gb-block-image gb-block-image-3fdfc3a5\"><img loading=\"lazy\" decoding=\"async\" width=\"919\" height=\"899\" class=\"gb-image gb-image-3fdfc3a5 tablet-show\" src=\"https:\/\/www.tutorbird.com\/wp-content\/uploads\/2024\/10\/sms-sm-fr@2x-1.png\" alt=\"\" title=\"sms-sm-fr@2x\" srcset=\"https:\/\/www.tutorbird.com\/wp-content\/uploads\/2024\/10\/sms-sm-fr@2x-1.png 919w, https:\/\/www.tutorbird.com\/wp-content\/uploads\/2024\/10\/sms-sm-fr@2x-1-300x293.png 300w, https:\/\/www.tutorbird.com\/wp-content\/uploads\/2024\/10\/sms-sm-fr@2x-1-768x751.png 768w\" sizes=\"auto, (max-width: 919px) 100vw, 919px\" \/><\/figure>\n\n\n\n<h2 class=\"wp-block-heading\">Envoyer des courriels et des messages SMS<\/h2>\n\n\n\n<p class=\"p-style\">Envoyez des courriels personnalis\u00e9s en masse directement via TutorBird ! L&rsquo;historique des messages enregistrera toutes les courriels et SMS automatis\u00e9s envoy\u00e9s via TutorBird. Ou gagnez du temps pr\u00e9cieux en s\u00e9lectionnant les familles \u00e0 ajouter \u00e0 un nouveau message texte sur votre appareil.   <\/p>\n\n<\/div><\/div><\/div>\n\n<div class=\"gb-grid-column gb-grid-column-e605fe6f\"><div class=\"gb-container gb-container-e605fe6f\"><div class=\"gb-inside-container\">\n\n<figure class=\"gb-block-image gb-block-image-7b7741a8\"><img loading=\"lazy\" decoding=\"async\" width=\"919\" height=\"899\" class=\"gb-image gb-image-7b7741a8 tablet-hide\" src=\"https:\/\/www.tutorbird.com\/wp-content\/uploads\/2024\/10\/sms-sm-fr@2x-1.png\" alt=\"\" title=\"sms-sm-fr@2x\" srcset=\"https:\/\/www.tutorbird.com\/wp-content\/uploads\/2024\/10\/sms-sm-fr@2x-1.png 919w, https:\/\/www.tutorbird.com\/wp-content\/uploads\/2024\/10\/sms-sm-fr@2x-1-300x293.png 300w, https:\/\/www.tutorbird.com\/wp-content\/uploads\/2024\/10\/sms-sm-fr@2x-1-768x751.png 768w\" sizes=\"auto, (max-width: 919px) 100vw, 919px\" \/><\/figure>\n\n<\/div><\/div><\/div>\n<\/div>\n<\/div><\/div>\n\n<div data-aos=\"fade-up\" class=\"gb-container gb-container-5e3e3f29 tablet-hide\"><div class=\"gb-inside-container\">\n<div class=\"gb-grid-wrapper gb-grid-wrapper-c66a1660\">\n<div class=\"gb-grid-column gb-grid-column-1ef5cce4\"><div class=\"gb-container gb-container-1ef5cce4\"><div class=\"gb-inside-container\"><\/div><\/div><\/div>\n\n<div class=\"gb-grid-column gb-grid-column-896ca1e7\"><div class=\"gb-container gb-container-896ca1e7\"><div class=\"gb-inside-container\">\n<div class=\"wp-block-image\">\n<figure class=\"alignright size-full\"><img decoding=\"async\" src=\"https:\/\/www.tutorbird.com\/wp-content\/uploads\/2022\/07\/yellow-dot-bg.png\" alt=\"\" class=\"wp-image-3523\"\/><\/figure>\n<\/div>\n<\/div><\/div><\/div>\n<\/div>\n<\/div><\/div>\n\n<div data-aos=\"fade-up\" class=\"gb-container gb-container-89b6df2e\"><div class=\"gb-inside-container\">\n<div class=\"gb-grid-wrapper gb-grid-wrapper-ec615136\">\n<div class=\"gb-grid-column gb-grid-column-66f481a0\"><div class=\"gb-container gb-container-66f481a0\"><div class=\"gb-inside-container\">\n\n<figure class=\"gb-block-image gb-block-image-5f0ce32a\"><img loading=\"lazy\" decoding=\"async\" width=\"973\" height=\"811\" class=\"gb-image gb-image-5f0ce32a\" src=\"https:\/\/www.tutorbird.com\/wp-content\/uploads\/2024\/10\/sm-groups-fr@2x-1.png\" alt=\"\" title=\"sm-groups-fr@2x\" srcset=\"https:\/\/www.tutorbird.com\/wp-content\/uploads\/2024\/10\/sm-groups-fr@2x-1.png 973w, https:\/\/www.tutorbird.com\/wp-content\/uploads\/2024\/10\/sm-groups-fr@2x-1-300x250.png 300w, https:\/\/www.tutorbird.com\/wp-content\/uploads\/2024\/10\/sm-groups-fr@2x-1-768x640.png 768w\" sizes=\"auto, (max-width: 973px) 100vw, 973px\" \/><\/figure>\n\n<\/div><\/div><\/div>\n\n<div class=\"gb-grid-column gb-grid-column-44911dd2\"><div class=\"gb-container gb-container-44911dd2\"><div class=\"gb-inside-container\">\n\n<h2 class=\"wp-block-heading\">Organisez des groupes<\/h2>\n\n\n\n<p class=\"p-style\">Classez vos \u00e9tudiants en groupes personnalis\u00e9s pour simplifier la planification, la facturation et la communication. Utilisez les diff\u00e9rentes options de statut des \u00e9tudiants pour s\u00e9parer vos \u00e9tudiants actifs de votre liste d&rsquo;attente, prospects, et plus encore !  <\/p>\n\n<\/div><\/div><\/div>\n<\/div>\n<\/div><\/div>\n\n<div data-aos=\"fade-up\" class=\"gb-container gb-container-66f61be0\"><div class=\"gb-inside-container\">\n<div class=\"gb-grid-wrapper gb-grid-wrapper-b1dd86a3\">\n<div class=\"gb-grid-column gb-grid-column-6d5f3f7d\"><div class=\"gb-container gb-container-6d5f3f7d\"><div class=\"gb-inside-container\">\n\n<figure class=\"gb-block-image gb-block-image-b7bc2a71\"><img loading=\"lazy\" decoding=\"async\" width=\"997\" height=\"875\" class=\"gb-image gb-image-b7bc2a71 tablet-show\" src=\"https:\/\/www.tutorbird.com\/wp-content\/uploads\/2024\/10\/sm-student-import-fr@2x-1.png\" alt=\"\" title=\"sm-student-import-fr@2x\" srcset=\"https:\/\/www.tutorbird.com\/wp-content\/uploads\/2024\/10\/sm-student-import-fr@2x-1.png 997w, https:\/\/www.tutorbird.com\/wp-content\/uploads\/2024\/10\/sm-student-import-fr@2x-1-300x263.png 300w, https:\/\/www.tutorbird.com\/wp-content\/uploads\/2024\/10\/sm-student-import-fr@2x-1-768x674.png 768w\" sizes=\"auto, (max-width: 997px) 100vw, 997px\" \/><\/figure>\n\n\n\n<h2 class=\"wp-block-heading\">Importez vos \u00e9tudiants<\/h2>\n\n\n\n<p class=\"p-style\">Vous avez d\u00e9j\u00e0 une liste d&rsquo;informations sur les \u00e9tudiants ? T\u00e9l\u00e9chargez un tableur ou copiez-collez les informations, et TutorBird vous guidera tout au long de configuration simple. Faites la transition d\u00e8s aujourd&rsquo;hui !   <\/p>\n\n<\/div><\/div><\/div>\n\n<div class=\"gb-grid-column gb-grid-column-6e1012a6\"><div class=\"gb-container gb-container-6e1012a6\"><div class=\"gb-inside-container\">\n\n<figure class=\"gb-block-image gb-block-image-60ed3677\"><img loading=\"lazy\" decoding=\"async\" width=\"997\" height=\"875\" class=\"gb-image gb-image-60ed3677 tablet-hide\" src=\"https:\/\/www.tutorbird.com\/wp-content\/uploads\/2024\/10\/sm-student-import-fr@2x-1.png\" alt=\"\" title=\"sm-student-import-fr@2x\" srcset=\"https:\/\/www.tutorbird.com\/wp-content\/uploads\/2024\/10\/sm-student-import-fr@2x-1.png 997w, https:\/\/www.tutorbird.com\/wp-content\/uploads\/2024\/10\/sm-student-import-fr@2x-1-300x263.png 300w, https:\/\/www.tutorbird.com\/wp-content\/uploads\/2024\/10\/sm-student-import-fr@2x-1-768x674.png 768w\" sizes=\"auto, (max-width: 997px) 100vw, 997px\" \/><\/figure>\n\n<\/div><\/div><\/div>\n<\/div>\n<\/div><\/div>\n\n<div data-aos=\"fade-up\" class=\"gb-container gb-container-714abc69\"><div class=\"gb-inside-container\">\n<div class=\"gb-grid-wrapper gb-grid-wrapper-6344e4d7\">\n<div class=\"gb-grid-column gb-grid-column-a91aeed2\"><header class=\"gb-container gb-container-a91aeed2\"><div class=\"gb-inside-container\">\n\n<h2 class=\"text_background_color\">Commencez votre essai <span>GRATUIT de 30 JOURS<\/span><\/h2>\n\n\n\n<p class=\"credit-card\">Aucune carte de cr\u00e9dit requise<\/p>\n\n\n<div class=\"gb-container gb-container-84908788\"><div class=\"gb-inside-container\">\n<div class=\"gb-button-wrapper gb-button-wrapper-52c55dde\">\n\n<a class=\"gb-button gb-button-afc810a6 gb-button-text yellow-button\" href=\"https:\/\/www.tutorbird.com\/fr\/rejoignez-gratuitement\/\">Commencez d\u00e8s aujourd&rsquo;hui !<\/a>\n\n<\/div>\n<\/div><\/div>\n<\/div><\/header><\/div>\n<\/div>\n<\/div><\/div>","protected":false},"excerpt":{"rendered":"<p>Gestion des \u00e9tudiants Calendrier et pr\u00e9sences Factures et paiements Fonctionnalit\u00e9s d&rsquo;entreprise Gestion de l&rsquo;apprentissage Multi-Tuteur Portail \u00e9tudiant Int\u00e9grations Cr\u00e9ateur du site web Gestion des \u00e9tudiants Gardez une trace des informations et de la communication avec vos \u00e9tudiants au m\u00eame endroit. Tous vos \u00e9tudiants en un seul endroit ! Dites adieu &#8230; <\/p>\n<p class=\"read-more-container\"><a title=\"Gestion des \u00e9tudiants\" class=\"read-more button\" href=\"https:\/\/www.tutorbird.com\/fr\/gestion-des-etudiants\/#more-70126\" aria-label=\"En savoir plus sur Gestion des \u00e9tudiants\">Read More<\/a><\/p>\n","protected":false},"author":6,"featured_media":0,"parent":0,"menu_order":0,"comment_status":"closed","ping_status":"closed","template":"","meta":{"inline_featured_image":false,"footnotes":""},"class_list":{"0":"post-70126","1":"page","2":"type-page","3":"status-publish","5":"no-featured-image-padding"},"_links":{"self":[{"href":"https:\/\/www.tutorbird.com\/fr\/wp-json\/wp\/v2\/pages\/70126","targetHints":{"allow":["GET"]}}],"collection":[{"href":"https:\/\/www.tutorbird.com\/fr\/wp-json\/wp\/v2\/pages"}],"about":[{"href":"https:\/\/www.tutorbird.com\/fr\/wp-json\/wp\/v2\/types\/page"}],"author":[{"embeddable":true,"href":"https:\/\/www.tutorbird.com\/fr\/wp-json\/wp\/v2\/users\/6"}],"replies":[{"embeddable":true,"href":"https:\/\/www.tutorbird.com\/fr\/wp-json\/wp\/v2\/comments?post=70126"}],"version-history":[{"count":4,"href":"https:\/\/www.tutorbird.com\/fr\/wp-json\/wp\/v2\/pages\/70126\/revisions"}],"predecessor-version":[{"id":70691,"href":"https:\/\/www.tutorbird.com\/fr\/wp-json\/wp\/v2\/pages\/70126\/revisions\/70691"}],"wp:attachment":[{"href":"https:\/\/www.tutorbird.com\/fr\/wp-json\/wp\/v2\/media?parent=70126"}],"curies":[{"name":"wp","href":"https:\/\/api.w.org\/{rel}","templated":true}]}}