{"id":70142,"date":"2022-09-29T20:25:56","date_gmt":"2022-09-29T20:25:56","guid":{"rendered":"https:\/\/tutorbird23.dev.onpressidium.com\/fonctionnalites-dentreprise\/"},"modified":"2024-10-10T14:37:41","modified_gmt":"2024-10-10T14:37:41","slug":"fonctionnalites-dentreprise","status":"publish","type":"page","link":"https:\/\/www.tutorbird.com\/fr\/fonctionnalites-dentreprise\/","title":{"rendered":"Fonctionnalit\u00e9s d&rsquo;entreprise"},"content":{"rendered":"<div class=\"gb-container gb-container-7aa6265c\"><div class=\"gb-inside-container\">\n<div class=\"gb-container gb-container-db3890d4 align-text-center-features\"><div class=\"gb-inside-container\">\n\n<div class=\"feature-menu-2\">\n<ul class=\"mob-menu\">\n \t<li class=\"features-menu\"><a href=\"https:\/\/www.tutorbird.com\/fr\/gestion-des-etudiants\/\">Gestion des \u00e9tudiants<\/a><\/li>\n \t<li class=\"features-menu\"><a href=\"https:\/\/www.tutorbird.com\/fr\/calendrier-et-presences\/\">Calendrier et pr\u00e9sences<\/a><\/li>\n \t<li class=\"features-menu\"><a href=\"https:\/\/www.tutorbird.com\/fr\/factures-et-paiements\/\">Factures et paiements<\/a><\/li>\n \t<li class=\"current features-menu\"><a href=\"https:\/\/www.tutorbird.com\/fr\/fonctionnalites-dentreprise\/\">Fonctionnalit\u00e9s d&rsquo;entreprise<\/a><\/li>\n \t<li class=\"features-menu\"><a href=\"https:\/\/www.tutorbird.com\/fr\/gestion-de-lapprentissage\/\">Gestion de l&rsquo;apprentissage<\/a><\/li>\n \t<li class=\"features-menu\"><a href=\"https:\/\/www.tutorbird.com\/fr\/multi-tuteur\/\">Multi-Tuteur<\/a><\/li>\n \t<li class=\"features-menu\"><a href=\"https:\/\/www.tutorbird.com\/fr\/portail-etudiant\/\">Portail \u00e9tudiant<\/a><\/li>\n        <li class=\"features-menu\"><a href=\"https:\/\/www.tutorbird.com\/fr\/integrations\/\">Int\u00e9grations<\/a><\/li>\n        <li class=\"last features-menu\"><a href=\"https:\/\/www.tutorbird.com\/fr\/createur-du-site-web\/\">Cr\u00e9ateur du site web<\/a><\/li>\n<\/ul>\n<\/div>\n\n<\/div><\/div>\n\n<div data-aos=\"fade-up\" class=\"gb-container gb-container-fc6371ee\"><div class=\"gb-inside-container\">\n\n<h1 class=\"wp-block-heading has-text-align-center feature-header has-contrast-color has-text-color\">Fonctionnalit\u00e9s d\u2019entreprise<\/h1>\n\n\n<div class=\"gb-container gb-container-033bdd0e\"><div class=\"gb-inside-container\">\n\n<p class=\"has-text-align-center feature-page-subheader has-medium-font-size\">Enregistrez les d\u00e9penses, suivez le kilom\u00e9trage et cr\u00e9ez des rapports d\u00e9taill\u00e9s<\/p>\n\n<\/div><\/div>\n<\/div><\/div>\n<\/div><div class=\"gb-shapes\"><div class=\"gb-shape gb-shape-1\"><svg xmlns=\"http:\/\/www.w3.org\/2000\/svg\" viewBox=\"0 0 1200 137.6\" preserveAspectRatio=\"none\"><path d=\"M0 137.6h1200V21.9l-66.7 26.7c-66.7 26.7-200 80-333.3 66.7S533.3 21.9 400 4.2C266.7-13.9 133.3 31.1 66.7 53L0 75.3v62.3z\"\/><\/svg><\/div><\/div><\/div>\n\n<div data-aos=\"fade-up\" class=\"gb-container gb-container-e899c9b4\"><div class=\"gb-inside-container\">\n\n<figure class=\"gb-block-image gb-block-image-e6d5d8a7\"><img loading=\"lazy\" decoding=\"async\" width=\"1349\" height=\"759\" class=\"gb-image gb-image-e6d5d8a7\" src=\"https:\/\/www.tutorbird.com\/wp-content\/uploads\/2024\/10\/BF-Header-fr@2x.png\" alt=\"\" title=\"BF-Header-fr@2x\" srcset=\"https:\/\/www.tutorbird.com\/wp-content\/uploads\/2024\/10\/BF-Header-fr@2x.png 1349w, https:\/\/www.tutorbird.com\/wp-content\/uploads\/2024\/10\/BF-Header-fr@2x-300x169.png 300w, https:\/\/www.tutorbird.com\/wp-content\/uploads\/2024\/10\/BF-Header-fr@2x-1024x576.png 1024w, https:\/\/www.tutorbird.com\/wp-content\/uploads\/2024\/10\/BF-Header-fr@2x-768x432.png 768w\" sizes=\"auto, (max-width: 1349px) 100vw, 1349px\" \/><\/figure>\n\n<\/div><\/div>\n\n<div data-aos=\"fade-up\" class=\"gb-container gb-container-b888acb6\"><div class=\"gb-inside-container\">\n\n<h2 class=\"text_background_color\">Fonctionnalit\u00e9s d\u2019entreprise <span>simplifi\u00e9s <\/span><\/h2>\n\n\n\n<p class=\"p-style\" style=\"font-size:18px\">Il y a tellement d\u2019aspects merveilleux \u00e0 \u00eatre propri\u00e9taire d\u2019une entreprise, mais certains de ne sont pas forc\u00e9ment amusants. Laissez TutorBird vous aider avec ces t\u00e2ches plus fastidieuses, afin que vous puissiez revenir \u00e0 ce que vous aimez ! <\/p>\n\n\n<div class=\"gb-container gb-container-ea636631\"><div class=\"gb-inside-container\">\n<div class=\"gb-button-wrapper gb-button-wrapper-a9809165\">\n\n<a class=\"gb-button gb-button-5b99cb9b gb-button-text yellow-button\" href=\"https:\/\/www.tutorbird.com\/fr\/rejoignez-gratuitement\/\">Essayez-le gratuitement d\u00e8s aujourd&rsquo;hui !<\/a>\n\n<\/div>\n<\/div><\/div>\n<\/div><\/div>\n\n<div data-aos=\"fade-up\" class=\"gb-container gb-container-9d39c55b tablet-hide\"><div class=\"gb-inside-container\">\n\n<figure class=\"wp-block-image size-full\"><img loading=\"lazy\" decoding=\"async\" width=\"358\" height=\"295\" src=\"https:\/\/www.tutorbird.com\/wp-content\/uploads\/2023\/11\/dots-green.png\" alt=\"\" class=\"wp-image-64774\" srcset=\"https:\/\/www.tutorbird.com\/wp-content\/uploads\/2023\/11\/dots-green.png 358w, https:\/\/www.tutorbird.com\/wp-content\/uploads\/2023\/11\/dots-green-300x247.png 300w\" sizes=\"auto, (max-width: 358px) 100vw, 358px\" \/><\/figure>\n\n<\/div><\/div>\n\n<div data-aos=\"fade-up\" class=\"gb-container gb-container-d07d7ad8\"><div class=\"gb-inside-container\">\n<style>.kt-blocks-testimonials-wrap70142_2440ec-24 .kt-svg-testimonial-global-icon{font-size:30px;}.kt-blocks-testimonials-wrap70142_2440ec-24 .kt-testimonial-rating-wrap .kb-svg-icon-wrap{color:#ffd700;font-size:16px;}.kt-blocks-testimonials-wrap70142_2440ec-24 .kt-testimonial-grid-wrap{gap:30px;}.kt-blocks-testimonials-wrap70142_2440ec-24 .kt-testimonial-item-wrap{padding-top:20px;padding-right:20px;padding-bottom:20px;padding-left:20px;}.kt-blocks-testimonials-wrap70142_2440ec-24 .kt-testimonial-content{color:var(--contrast-3);font-size:19px;line-height:43px;font-family:Poppins;font-style:normal;font-weight:300;}.kt-blocks-testimonials-wrap70142_2440ec-24 .kt-testimonial-name{color:rgba(51,204,204,0.67);font-size:20px;font-weight:bold;}.kt-blocks-testimonials-wrap70142_2440ec-24 .kt-testimonial-occupation{color:var(--contrast-3);font-size:13px;}.kt-blocks-testimonials-wrap70142_2440ec-24 .kt-testimonial-item-wrap{max-width:1000px;}@media all and (max-width: 767px){.kt-blocks-testimonials-wrap70142_2440ec-24{padding-top:px;padding-bottom:px;margin-top:px;margin-bottom:px;}}<\/style><div class=\"kt-blocks-testimonials-wrap70142_2440ec-24 kt-testimonial-halign-center kt-testimonial-style-basic kt-testimonials-media-off kt-testimonials-icon-off kt-testimonial-columns-1 kt-t-xxl-col-1 kt-t-xl-col-1 kt-t-lg-col-1 kt-t-md-col-1 kt-t-sm-col-1 kt-t-xs-col-1 wp-block-kadence-testimonials\"><ul class=\"kt-blocks-testimonials-inner-wrap kt-testimonial-grid-wrap\">\n<li class=\"kt-testimonial-grid-item\"><div class=\"kt-testimonial-item-wrap kt-testimonial-item-70142_6ab9dc-6e wp-block-kadence-testimonial\"><div class=\"kt-testimonial-text-wrap\"><div class=\"kt-testimonial-content-wrap\"><blockquote class=\"kt-testimonial-content\"><em>\u00ab Avoir acc\u00e8s aux rapports est \u00e9galement une excellente fonctionnalit\u00e9 qui est tr\u00e8s utile pour rester sur la bonne voie avec les revenus mensuels et annuels. \u00bb<\/em><\/blockquote><\/div><\/div><div class=\"kt-testimonial-meta-wrap\"><div class=\"kt-testimonial-meta-name-wrap\"><div class=\"kt-testimonial-name-wrap\"><div class=\"kt-testimonial-name\">&#8211; Pamela M.<\/div><\/div><\/div><\/div><\/div><\/li>\n<\/ul><\/div>\n<\/div><\/div>\n\n<div data-aos=\"fade-up\" class=\"gb-container gb-container-89b6df2e\"><div class=\"gb-inside-container\">\n<div class=\"gb-grid-wrapper gb-grid-wrapper-ec615136\">\n<div class=\"gb-grid-column gb-grid-column-66f481a0\"><div class=\"gb-container gb-container-66f481a0\"><div class=\"gb-inside-container\">\n\n<figure class=\"gb-block-image gb-block-image-5f0ce32a\"><img loading=\"lazy\" decoding=\"async\" width=\"923\" height=\"735\" class=\"gb-image gb-image-5f0ce32a\" src=\"https:\/\/www.tutorbird.com\/wp-content\/uploads\/2024\/10\/BF-Expense-fr@2x.png\" alt=\"\" title=\"BF-Expense-fr@2x\" srcset=\"https:\/\/www.tutorbird.com\/wp-content\/uploads\/2024\/10\/BF-Expense-fr@2x.png 923w, https:\/\/www.tutorbird.com\/wp-content\/uploads\/2024\/10\/BF-Expense-fr@2x-300x239.png 300w, https:\/\/www.tutorbird.com\/wp-content\/uploads\/2024\/10\/BF-Expense-fr@2x-768x612.png 768w\" sizes=\"auto, (max-width: 923px) 100vw, 923px\" \/><\/figure>\n\n<\/div><\/div><\/div>\n\n<div class=\"gb-grid-column gb-grid-column-44911dd2\"><div class=\"gb-container gb-container-44911dd2\"><div class=\"gb-inside-container\">\n\n<h2 class=\"wp-block-heading\">Suivez les d\u00e9penses d\u2019entreprise<\/h2>\n\n\n\n<p class=\"p-style\">TutorBird a d\u00e9j\u00e0 vos revenus de tutorat dans le syst\u00e8me, alors suivez les d\u00e9penses d\u2019entreprise et d\u2019autres revenus pour rendre la p\u00e9riode des imp\u00f4ts aussi simple que jamais ! T\u00e9l\u00e9chargez des photos de re\u00e7us ou de factures avec des entr\u00e9es pour avoir tout ce dont vous avez besoin pour vos imp\u00f4ts en un seul endroit. <\/p>\n\n<\/div><\/div><\/div>\n<\/div>\n<\/div><\/div>\n\n<div data-aos=\"fade-up\" class=\"gb-container gb-container-66f61be0\"><div class=\"gb-inside-container\">\n<div class=\"gb-grid-wrapper gb-grid-wrapper-b1dd86a3\">\n<div class=\"gb-grid-column gb-grid-column-6d5f3f7d\"><div class=\"gb-container gb-container-6d5f3f7d\"><div class=\"gb-inside-container\">\n\n<figure class=\"gb-block-image gb-block-image-b7bc2a71\"><img loading=\"lazy\" decoding=\"async\" width=\"887\" height=\"819\" class=\"gb-image gb-image-b7bc2a71 tablet-show\" src=\"https:\/\/www.tutorbird.com\/wp-content\/uploads\/2024\/10\/BF-mileage-fr@2x.png\" alt=\"\" title=\"BF-mileage-fr@2x\" srcset=\"https:\/\/www.tutorbird.com\/wp-content\/uploads\/2024\/10\/BF-mileage-fr@2x.png 887w, https:\/\/www.tutorbird.com\/wp-content\/uploads\/2024\/10\/BF-mileage-fr@2x-300x277.png 300w, https:\/\/www.tutorbird.com\/wp-content\/uploads\/2024\/10\/BF-mileage-fr@2x-768x709.png 768w\" sizes=\"auto, (max-width: 887px) 100vw, 887px\" \/><\/figure>\n\n\n\n<h2 class=\"wp-block-heading\">Enregistrez votre kilom\u00e9trage<\/h2>\n\n\n\n<p class=\"p-style\">Tuteur en d\u00e9placement ? TutorBird vous facilite le suivi des kilom\u00e8tres. Saisissez trajets r\u00e9currents une fois et TutorBird ajoutera le kilom\u00e9trage pour toute la p\u00e9riode que vous sp\u00e9cifiez. Ou utilisez le GPS de votre appareil mobile pour le suivre en temps r\u00e9el !   <\/p>\n\n<\/div><\/div><\/div>\n\n<div class=\"gb-grid-column gb-grid-column-6e1012a6\"><div class=\"gb-container gb-container-6e1012a6\"><div class=\"gb-inside-container\">\n\n<figure class=\"gb-block-image gb-block-image-60ed3677\"><img loading=\"lazy\" decoding=\"async\" width=\"887\" height=\"819\" class=\"gb-image gb-image-60ed3677 tablet-hide\" src=\"https:\/\/www.tutorbird.com\/wp-content\/uploads\/2024\/10\/BF-mileage-fr@2x.png\" alt=\"\" title=\"BF-mileage-fr@2x\" srcset=\"https:\/\/www.tutorbird.com\/wp-content\/uploads\/2024\/10\/BF-mileage-fr@2x.png 887w, https:\/\/www.tutorbird.com\/wp-content\/uploads\/2024\/10\/BF-mileage-fr@2x-300x277.png 300w, https:\/\/www.tutorbird.com\/wp-content\/uploads\/2024\/10\/BF-mileage-fr@2x-768x709.png 768w\" sizes=\"auto, (max-width: 887px) 100vw, 887px\" \/><\/figure>\n\n<\/div><\/div><\/div>\n<\/div>\n<\/div><\/div>\n\n<div data-aos=\"fade-up\" class=\"gb-container gb-container-5e3e3f29 tablet-hide\"><div class=\"gb-inside-container\">\n<div class=\"gb-grid-wrapper gb-grid-wrapper-c66a1660\">\n<div class=\"gb-grid-column gb-grid-column-1ef5cce4\"><div class=\"gb-container gb-container-1ef5cce4\"><div class=\"gb-inside-container\"><\/div><\/div><\/div>\n\n<div class=\"gb-grid-column gb-grid-column-896ca1e7\"><div class=\"gb-container gb-container-896ca1e7\"><div class=\"gb-inside-container\">\n<div class=\"wp-block-image\">\n<figure class=\"alignright size-full\"><img loading=\"lazy\" decoding=\"async\" width=\"358\" height=\"296\" src=\"https:\/\/www.tutorbird.com\/wp-content\/uploads\/2023\/11\/dots-orange.png\" alt=\"\" class=\"wp-image-64778\" srcset=\"https:\/\/www.tutorbird.com\/wp-content\/uploads\/2023\/11\/dots-orange.png 358w, https:\/\/www.tutorbird.com\/wp-content\/uploads\/2023\/11\/dots-orange-300x248.png 300w\" sizes=\"auto, (max-width: 358px) 100vw, 358px\" \/><\/figure>\n<\/div>\n<\/div><\/div><\/div>\n<\/div>\n<\/div><\/div>\n\n<div data-aos=\"fade-up\" class=\"gb-container gb-container-45158e05\"><div class=\"gb-inside-container\">\n<div class=\"gb-grid-wrapper gb-grid-wrapper-45da8abb\">\n<div class=\"gb-grid-column gb-grid-column-fae05b4e\"><div class=\"gb-container gb-container-fae05b4e\"><div class=\"gb-inside-container\">\n\n<figure class=\"gb-block-image gb-block-image-462a2725\"><img loading=\"lazy\" decoding=\"async\" width=\"889\" height=\"851\" class=\"gb-image gb-image-462a2725\" src=\"https:\/\/www.tutorbird.com\/wp-content\/uploads\/2024\/10\/BF-reports-fr@2x.png\" alt=\"\" title=\"BF-reports-fr@2x\" srcset=\"https:\/\/www.tutorbird.com\/wp-content\/uploads\/2024\/10\/BF-reports-fr@2x.png 889w, https:\/\/www.tutorbird.com\/wp-content\/uploads\/2024\/10\/BF-reports-fr@2x-300x287.png 300w, https:\/\/www.tutorbird.com\/wp-content\/uploads\/2024\/10\/BF-reports-fr@2x-768x735.png 768w\" sizes=\"auto, (max-width: 889px) 100vw, 889px\" \/><\/figure>\n\n<\/div><\/div><\/div>\n\n<div class=\"gb-grid-column gb-grid-column-2a75e2d7\"><div class=\"gb-container gb-container-2a75e2d7\"><div class=\"gb-inside-container\">\n\n<h2 class=\"wp-block-heading\">Cr\u00e9ez des rapports d\u2019entreprise<\/h2>\n\n\n\n<p class=\"p-style\">G\u00e9n\u00e9rez des PDF faciles \u00e0 lire ou des feuilles de calcul Excel d\u00e9taill\u00e9es pour les revenus et d\u00e9penses, les heures facturables, la paie et plus encore. Vos rapports peuvent m\u00eame \u00eatre format\u00e9s avec votre logo et la couleur de votre marque pour un aspect professionnel ! <\/p>\n\n<\/div><\/div><\/div>\n<\/div>\n<\/div><\/div>\n\n<div data-aos=\"fade-up\" class=\"gb-container gb-container-714abc69\"><div class=\"gb-inside-container\">\n<div class=\"gb-grid-wrapper gb-grid-wrapper-6344e4d7\">\n<div class=\"gb-grid-column gb-grid-column-a91aeed2\"><header class=\"gb-container gb-container-a91aeed2\"><div class=\"gb-inside-container\">\n\n<h2 class=\"text_background_color\">Commencez votre essai <span>GRATUIT de 30 JOURS<\/span><\/h2>\n\n\n\n<p class=\"credit-card\">Aucune carte de cr\u00e9dit requise<\/p>\n\n\n<div class=\"gb-container gb-container-84908788\"><div class=\"gb-inside-container\">\n<div class=\"gb-button-wrapper gb-button-wrapper-52c55dde\">\n\n<a class=\"gb-button gb-button-afc810a6 gb-button-text yellow-button\" href=\"https:\/\/www.tutorbird.com\/fr\/rejoignez-gratuitement\/\">Commencez d\u00e8s aujourd&rsquo;hui !<\/a>\n\n<\/div>\n<\/div><\/div>\n<\/div><\/header><\/div>\n<\/div>\n<\/div><\/div>","protected":false},"excerpt":{"rendered":"<p>Gestion des \u00e9tudiants Calendrier et pr\u00e9sences Factures et paiements Fonctionnalit\u00e9s d&rsquo;entreprise Gestion de l&rsquo;apprentissage Multi-Tuteur Portail \u00e9tudiant Int\u00e9grations Cr\u00e9ateur du site web Fonctionnalit\u00e9s d\u2019entreprise Enregistrez &#8230; <\/p>\n<p class=\"read-more-container\"><a title=\"Fonctionnalit\u00e9s d&rsquo;entreprise\" class=\"read-more button\" href=\"https:\/\/www.tutorbird.com\/fr\/fonctionnalites-dentreprise\/#more-70142\" aria-label=\"En savoir plus sur Fonctionnalit\u00e9s d&rsquo;entreprise\">Read More<\/a><\/p>\n","protected":false},"author":6,"featured_media":0,"parent":0,"menu_order":0,"comment_status":"closed","ping_status":"closed","template":"","meta":{"inline_featured_image":false,"footnotes":""},"class_list":["post-70142","page","type-page","status-publish"],"_links":{"self":[{"href":"https:\/\/www.tutorbird.com\/fr\/wp-json\/wp\/v2\/pages\/70142","targetHints":{"allow":["GET"]}}],"collection":[{"href":"https:\/\/www.tutorbird.com\/fr\/wp-json\/wp\/v2\/pages"}],"about":[{"href":"https:\/\/www.tutorbird.com\/fr\/wp-json\/wp\/v2\/types\/page"}],"author":[{"embeddable":true,"href":"https:\/\/www.tutorbird.com\/fr\/wp-json\/wp\/v2\/users\/6"}],"replies":[{"embeddable":true,"href":"https:\/\/www.tutorbird.com\/fr\/wp-json\/wp\/v2\/comments?post=70142"}],"version-history":[{"count":4,"href":"https:\/\/www.tutorbird.com\/fr\/wp-json\/wp\/v2\/pages\/70142\/revisions"}],"predecessor-version":[{"id":70804,"href":"https:\/\/www.tutorbird.com\/fr\/wp-json\/wp\/v2\/pages\/70142\/revisions\/70804"}],"wp:attachment":[{"href":"https:\/\/www.tutorbird.com\/fr\/wp-json\/wp\/v2\/media?parent=70142"}],"curies":[{"name":"wp","href":"https:\/\/api.w.org\/{rel}","templated":true}]}}