{"id":70147,"date":"2022-09-30T14:07:43","date_gmt":"2022-09-30T14:07:43","guid":{"rendered":"https:\/\/tutorbird23.dev.onpressidium.com\/portail-etudiant\/"},"modified":"2025-03-12T20:44:33","modified_gmt":"2025-03-12T20:44:33","slug":"portail-etudiant","status":"publish","type":"page","link":"https:\/\/www.tutorbird.com\/fr\/portail-etudiant\/","title":{"rendered":"Portail \u00c9tudiant"},"content":{"rendered":"<div class=\"gb-container gb-container-7aa6265c\"><div class=\"gb-inside-container\">\n<div class=\"gb-container gb-container-db3890d4 align-text-center-features\"><div class=\"gb-inside-container\">\n\n<div class=\"feature-menu-2\">\n<ul class=\"mob-menu\">\n \t<li class=\"features-menu\"><a href=\"https:\/\/www.tutorbird.com\/fr\/gestion-des-etudiants\/\">Gestion des \u00e9tudiants<\/a><\/li>\n \t<li class=\"features-menu\"><a href=\"https:\/\/www.tutorbird.com\/fr\/calendrier-et-presences\/\">Calendrier et pr\u00e9sences<\/a><\/li>\n \t<li class=\"features-menu\"><a href=\"https:\/\/www.tutorbird.com\/fr\/factures-et-paiements\/\">Factures et paiements<\/a><\/li>\n \t<li class=\"features-menu\"><a href=\"https:\/\/www.tutorbird.com\/fr\/fonctionnalites-dentreprise\/\">Fonctionnalit\u00e9s d&rsquo;entreprise<\/a><\/li>\n \t<li class=\"features-menu\"><a href=\"https:\/\/www.tutorbird.com\/fr\/gestion-de-lapprentissage\/\">Gestion de l&rsquo;apprentissage<\/a><\/li>\n \t<li class=\"features-menu\"><a href=\"https:\/\/www.tutorbird.com\/fr\/multi-tuteur\/\">Multi-Tuteur<\/a><\/li>\n \t<li class=\"current features-menu\"><a href=\"https:\/\/www.tutorbird.com\/fr\/portail-etudiant\/\">Portail \u00c9tudiant<\/a><\/li>\n        <li class=\"features-menu\"><a href=\"https:\/\/www.tutorbird.com\/fr\/integrations\/\">Int\u00e9grations<\/a><\/li>\n        <li class=\"last features-menu\"><a href=\"https:\/\/www.tutorbird.com\/fr\/createur-du-site-web\/\">Cr\u00e9ateur du site web<\/a><\/li>\n<\/ul>\n<\/div>\n\n<\/div><\/div>\n\n<div data-aos=\"fade-up\" class=\"gb-container gb-container-fc6371ee\"><div class=\"gb-inside-container\">\n\n<h1 class=\"wp-block-heading has-text-align-center feature-header has-contrast-color has-text-color\">Portail \u00c9tudiant<\/h1>\n\n\n<div class=\"gb-container gb-container-033bdd0e\"><div class=\"gb-inside-container\">\n\n<p class=\"has-text-align-center feature-page-subheader has-medium-font-size\">Cr\u00e9ez un <strong>guichet unique<\/strong> pour que les parents et les \u00e9tudiants y acc\u00e8dent en dehors des le\u00e7ons<\/p>\n\n<\/div><\/div>\n<\/div><\/div>\n<\/div><div class=\"gb-shapes\"><div class=\"gb-shape gb-shape-1\"><svg xmlns=\"http:\/\/www.w3.org\/2000\/svg\" viewBox=\"0 0 1200 137.6\" preserveAspectRatio=\"none\"><path d=\"M0 137.6h1200V21.9l-66.7 26.7c-66.7 26.7-200 80-333.3 66.7S533.3 21.9 400 4.2C266.7-13.9 133.3 31.1 66.7 53L0 75.3v62.3z\"\/><\/svg><\/div><\/div><\/div><div data-aos=\"fade-up\" class=\"gb-container gb-container-e899c9b4\"><div class=\"gb-inside-container\">\n\n<figure class=\"gb-block-image gb-block-image-e6d5d8a7\"><img loading=\"lazy\" decoding=\"async\" width=\"1373\" height=\"781\" class=\"gb-image gb-image-e6d5d8a7\" src=\"https:\/\/www.tutorbird.com\/wp-content\/uploads\/2023\/11\/Asset-77@2x.png\" alt=\"\" title=\"Actif 77@2x\" srcset=\"https:\/\/www.tutorbird.com\/wp-content\/uploads\/2023\/11\/Asset-77@2x.png 1373w, https:\/\/www.tutorbird.com\/wp-content\/uploads\/2023\/11\/Asset-77@2x-300x171.png 300w, https:\/\/www.tutorbird.com\/wp-content\/uploads\/2023\/11\/Asset-77@2x-1024x582.png 1024w, https:\/\/www.tutorbird.com\/wp-content\/uploads\/2023\/11\/Asset-77@2x-768x437.png 768w\" sizes=\"auto, (max-width: 1373px) 100vw, 1373px\" \/><\/figure>\n\n<\/div><\/div><div data-aos=\"fade-up\" class=\"gb-container gb-container-b888acb6\"><div class=\"gb-inside-container\">\n\n<h2 class=\"text_background_color\"><span>Soutenez vos \u00e9tudiants<\/span> en dehors du temps de le\u00e7on<\/h2>\n\n\n\n<p class=\"p-style\" style=\"font-size:18px\">TutorBird n&rsquo;est pas seulement destin\u00e9 aux tuteurs&#8230; le portail \u00e9tudiant optionnel permet \u00e0 vos familles d&rsquo;avoir des informations sur l&rsquo;entreprise et les le\u00e7ons \u00e0 port\u00e9e de main. Offrez-leur une exp\u00e9rience transparente &#8211; sans \u00eatre de garde 24 heures sur 24, 7 jours sur 7 ! <\/p>\n\n\n<div class=\"gb-container gb-container-ea636631\"><div class=\"gb-inside-container\">\n<div class=\"gb-button-wrapper gb-button-wrapper-a9809165\">\n\n<a class=\"gb-button gb-button-5b99cb9b gb-button-text yellow-button\" href=\"https:\/\/www.tutorbird.com\/fr\/rejoignez-gratuitement\/\">Essayez-le gratuitement d\u00e8s aujourd&rsquo;hui !<\/a>\n\n<\/div>\n<\/div><\/div>\n<\/div><\/div><div data-aos=\"fade-up\" class=\"gb-container gb-container-9d39c55b tablet-hide\"><div class=\"gb-inside-container\">\n\n<figure class=\"wp-block-image size-full\"><img loading=\"lazy\" decoding=\"async\" width=\"358\" height=\"295\" src=\"https:\/\/www.tutorbird.com\/wp-content\/uploads\/2023\/11\/dots-green.png\" alt=\"\" class=\"wp-image-64774\" srcset=\"https:\/\/www.tutorbird.com\/wp-content\/uploads\/2023\/11\/dots-green.png 358w, https:\/\/www.tutorbird.com\/wp-content\/uploads\/2023\/11\/dots-green-300x247.png 300w\" sizes=\"auto, (max-width: 358px) 100vw, 358px\" \/><\/figure>\n\n<\/div><\/div><div data-aos=\"fade-up\" class=\"gb-container gb-container-d07d7ad8\"><div class=\"gb-inside-container\">\n<style>.kt-blocks-testimonials-wrap5213_9f3c60-bf .kt-svg-testimonial-global-icon{font-size:30px;}.kt-blocks-testimonials-wrap5213_9f3c60-bf .kt-testimonial-rating-wrap .kb-svg-icon-wrap{color:#ffd700;font-size:16px;}.kt-blocks-testimonials-wrap5213_9f3c60-bf .kt-testimonial-grid-wrap{gap:30px;}.kt-blocks-testimonials-wrap5213_9f3c60-bf .kt-testimonial-item-wrap{padding-top:20px;padding-right:20px;padding-bottom:20px;padding-left:20px;}.kt-blocks-testimonials-wrap5213_9f3c60-bf .kt-testimonial-content{color:var(--contrast-3);font-size:19px;line-height:43px;font-family:Poppins;font-style:normal;font-weight:300;}.kt-blocks-testimonials-wrap5213_9f3c60-bf .kt-testimonial-name{color:rgba(51,204,204,0.67);font-size:20px;font-weight:bold;}.kt-blocks-testimonials-wrap5213_9f3c60-bf .kt-testimonial-occupation{color:var(--contrast-3);font-size:13px;}.kt-blocks-testimonials-wrap5213_9f3c60-bf .kt-testimonial-item-wrap{max-width:1000px;}@media all and (max-width: 767px){.kt-blocks-testimonials-wrap5213_9f3c60-bf{padding-top:px;padding-bottom:px;margin-top:px;margin-bottom:px;}}<\/style><div class=\"kt-blocks-testimonials-wrap5213_9f3c60-bf kt-testimonial-halign-center kt-testimonial-style-basic kt-testimonials-media-off kt-testimonials-icon-off kt-testimonial-columns-1 kt-t-xxl-col-1 kt-t-xl-col-1 kt-t-lg-col-1 kt-t-md-col-1 kt-t-sm-col-1 kt-t-xs-col-1 wp-block-kadence-testimonials\"><ul class=\"kt-blocks-testimonials-inner-wrap kt-testimonial-grid-wrap\">\n<li class=\"kt-testimonial-grid-item\"><div class=\"kt-testimonial-item-wrap kt-testimonial-item-5213_40ea75-ad wp-block-kadence-testimonial\"><div class=\"kt-testimonial-text-wrap\"><div class=\"kt-testimonial-content-wrap\"><blockquote class=\"kt-testimonial-content\"><em>\u00ab Nous avons vraiment vu les avantages du portail \u00e9tudiant. Donner aux parents une visibilit\u00e9 compl\u00e8te sur tout a consid\u00e9rablement r\u00e9duit les appels t\u00e9l\u00e9phoniques et les e-mails pour des informations qu&rsquo;ils peuvent d\u00e9sormais trouver eux-m\u00eames (surtout en ce qui concerne la facturation). \u00bb<\/em><\/blockquote><\/div><\/div><div class=\"kt-testimonial-meta-wrap\"><div class=\"kt-testimonial-meta-name-wrap\"><div class=\"kt-testimonial-name-wrap\"><div class=\"kt-testimonial-name\">&#8211; Keith B.<\/div><\/div><\/div><\/div><\/div><\/li>\n<\/ul><\/div>\n<\/div><\/div><div data-aos=\"fade-up\" class=\"gb-container gb-container-35492a31\"><div class=\"gb-inside-container\">\n<div class=\"gb-container gb-container-3df6ddd6\"><div class=\"gb-inside-container\">\n<div class=\"gb-grid-wrapper gb-grid-wrapper-c68aad39\">\n<div class=\"gb-grid-column gb-grid-column-2616041c\"><div class=\"gb-container gb-container-2616041c\"><div class=\"gb-inside-container\">\n\n<figure class=\"gb-block-image gb-block-image-b9491720\"><img loading=\"lazy\" decoding=\"async\" width=\"889\" height=\"867\" class=\"gb-image gb-image-b9491720\" src=\"https:\/\/www.tutorbird.com\/wp-content\/uploads\/2023\/11\/Asset-81@2x.png\" alt=\"\" title=\"Asset 81@2x\" srcset=\"https:\/\/www.tutorbird.com\/wp-content\/uploads\/2023\/11\/Asset-81@2x.png 889w, https:\/\/www.tutorbird.com\/wp-content\/uploads\/2023\/11\/Asset-81@2x-300x293.png 300w, https:\/\/www.tutorbird.com\/wp-content\/uploads\/2023\/11\/Asset-81@2x-768x749.png 768w\" sizes=\"auto, (max-width: 889px) 100vw, 889px\" \/><\/figure>\n\n<\/div><\/div><\/div>\n\n<div class=\"gb-grid-column gb-grid-column-9978af6f\"><div class=\"gb-container gb-container-9978af6f\"><div class=\"gb-inside-container\">\n\n<h2 class=\"wp-block-heading\">Laissez les familles planifier elles-m\u00eames<\/h2>\n\n\n\n<p class=\"p-style\">Ne passez plus votre temps libre \u00e0 ajuster et d\u00e9placer les cours &#8211; confiez cette responsabilit\u00e9 \u00e0 vos familles ! Cr\u00e9ez des cr\u00e9neaux de cours ouverts auxquels les \u00e9l\u00e8ves peuvent s&rsquo;inscrire, cr\u00e9ez automatiquement des cours de rattrapage en cas d&rsquo;annulation, mettez en place des cours collectifs, et bien plus encore. <\/p>\n\n<\/div><\/div><\/div>\n<\/div>\n<\/div><\/div>\n<\/div><\/div><div data-aos=\"fade-up\" class=\"gb-container gb-container-fc84779d\"><div class=\"gb-inside-container\">\n<div class=\"gb-grid-wrapper gb-grid-wrapper-41a3c7f9\">\n<div class=\"gb-grid-column gb-grid-column-f227928b\"><div class=\"gb-container gb-container-f227928b\"><div class=\"gb-inside-container\">\n\n<figure class=\"gb-block-image gb-block-image-3fdfc3a5\"><img loading=\"lazy\" decoding=\"async\" width=\"983\" height=\"863\" class=\"gb-image gb-image-3fdfc3a5 tablet-show\" src=\"https:\/\/www.tutorbird.com\/wp-content\/uploads\/2023\/11\/Asset-80@2x.png\" alt=\"\" title=\"Asset 80@2x\" srcset=\"https:\/\/www.tutorbird.com\/wp-content\/uploads\/2023\/11\/Asset-80@2x.png 983w, https:\/\/www.tutorbird.com\/wp-content\/uploads\/2023\/11\/Asset-80@2x-300x263.png 300w, https:\/\/www.tutorbird.com\/wp-content\/uploads\/2023\/11\/Asset-80@2x-768x674.png 768w\" sizes=\"auto, (max-width: 983px) 100vw, 983px\" \/><\/figure>\n\n\n\n<h2 class=\"wp-block-heading\">Personnalisez les politiques et les param\u00e8tres<\/h2>\n\n\n\n<p class=\"p-style\">Faites en sorte que TutorBird travaille pour vous &#8211; et non l&rsquo;inverse. Choisissez vos propres param\u00e8tres et dates limites en fonction de votre politique. La gestion des inscriptions, des annulations et des cr\u00e9dits de rattrapage ne pourrait pas \u00eatre plus facile !  <\/p>\n\n<\/div><\/div><\/div>\n\n<div class=\"gb-grid-column gb-grid-column-e605fe6f\"><div class=\"gb-container gb-container-e605fe6f\"><div class=\"gb-inside-container\">\n\n<figure class=\"gb-block-image gb-block-image-7b7741a8\"><img loading=\"lazy\" decoding=\"async\" width=\"983\" height=\"863\" class=\"gb-image gb-image-7b7741a8 tablet-hide\" src=\"https:\/\/www.tutorbird.com\/wp-content\/uploads\/2023\/11\/Asset-80@2x.png\" alt=\"\" title=\"Asset 80@2x\" srcset=\"https:\/\/www.tutorbird.com\/wp-content\/uploads\/2023\/11\/Asset-80@2x.png 983w, https:\/\/www.tutorbird.com\/wp-content\/uploads\/2023\/11\/Asset-80@2x-300x263.png 300w, https:\/\/www.tutorbird.com\/wp-content\/uploads\/2023\/11\/Asset-80@2x-768x674.png 768w\" sizes=\"auto, (max-width: 983px) 100vw, 983px\" \/><\/figure>\n\n<\/div><\/div><\/div>\n<\/div>\n<\/div><\/div><div data-aos=\"fade-up\" class=\"gb-container gb-container-5e3e3f29 tablet-hide\"><div class=\"gb-inside-container\">\n<div class=\"gb-grid-wrapper gb-grid-wrapper-c66a1660\">\n<div class=\"gb-grid-column gb-grid-column-1ef5cce4\"><div class=\"gb-container gb-container-1ef5cce4\"><div class=\"gb-inside-container\"><\/div><\/div><\/div>\n\n<div class=\"gb-grid-column gb-grid-column-896ca1e7\"><div class=\"gb-container gb-container-896ca1e7\"><div class=\"gb-inside-container\">\n<div class=\"wp-block-image\">\n<figure class=\"alignright size-full\"><img loading=\"lazy\" decoding=\"async\" width=\"358\" height=\"296\" src=\"https:\/\/www.tutorbird.com\/wp-content\/uploads\/2023\/11\/dots-orange.png\" alt=\"\" class=\"wp-image-64778\" srcset=\"https:\/\/www.tutorbird.com\/wp-content\/uploads\/2023\/11\/dots-orange.png 358w, https:\/\/www.tutorbird.com\/wp-content\/uploads\/2023\/11\/dots-orange-300x248.png 300w\" sizes=\"auto, (max-width: 358px) 100vw, 358px\" \/><\/figure>\n<\/div>\n<\/div><\/div><\/div>\n<\/div>\n<\/div><\/div><div data-aos=\"fade-up\" class=\"gb-container gb-container-89b6df2e\"><div class=\"gb-inside-container\">\n<div class=\"gb-grid-wrapper gb-grid-wrapper-ec615136\">\n<div class=\"gb-grid-column gb-grid-column-66f481a0\"><div class=\"gb-container gb-container-66f481a0\"><div class=\"gb-inside-container\">\n\n<figure class=\"gb-block-image gb-block-image-5f0ce32a\"><img loading=\"lazy\" decoding=\"async\" width=\"843\" height=\"865\" class=\"gb-image gb-image-5f0ce32a\" src=\"https:\/\/www.tutorbird.com\/wp-content\/uploads\/2023\/11\/Asset-79@2x.png\" alt=\"\" title=\"Asset 79@2x\" srcset=\"https:\/\/www.tutorbird.com\/wp-content\/uploads\/2023\/11\/Asset-79@2x.png 843w, https:\/\/www.tutorbird.com\/wp-content\/uploads\/2023\/11\/Asset-79@2x-292x300.png 292w, https:\/\/www.tutorbird.com\/wp-content\/uploads\/2023\/11\/Asset-79@2x-768x788.png 768w\" sizes=\"auto, (max-width: 843px) 100vw, 843px\" \/><\/figure>\n\n<\/div><\/div><\/div>\n\n<div class=\"gb-grid-column gb-grid-column-44911dd2\"><div class=\"gb-container gb-container-44911dd2\"><div class=\"gb-inside-container\">\n\n<h2 class=\"wp-block-heading\">Permettre les paiements en ligne<\/h2>\n\n\n\n<p class=\"p-style\">Facilitez encore plus le paiement des parents ! Si vous utilisez notre int\u00e9gration Stripe ou PayPal, vous pouvez permettre aux parents de payer directement via le portail. Vous n&rsquo;utilisez pas les paiements en ligne ? Les parents peuvent toujours acc\u00e9der au solde de leur compte et \u00e0 leurs factures afin de toujours savoir combien ils doivent !   <\/p>\n\n<\/div><\/div><\/div>\n<\/div>\n<\/div><\/div><div data-aos=\"fade-up\" class=\"gb-container gb-container-66f61be0\"><div class=\"gb-inside-container\">\n<div class=\"gb-grid-wrapper gb-grid-wrapper-b1dd86a3\">\n<div class=\"gb-grid-column gb-grid-column-6d5f3f7d\"><div class=\"gb-container gb-container-6d5f3f7d\"><div class=\"gb-inside-container\">\n\n<figure class=\"gb-block-image gb-block-image-b7bc2a71\"><img loading=\"lazy\" decoding=\"async\" width=\"961\" height=\"927\" class=\"gb-image gb-image-b7bc2a71 tablet-show\" src=\"https:\/\/www.tutorbird.com\/wp-content\/uploads\/2023\/11\/Asset-78@2x.png\" alt=\"\" title=\"Asset 78@2x\" srcset=\"https:\/\/www.tutorbird.com\/wp-content\/uploads\/2023\/11\/Asset-78@2x.png 961w, https:\/\/www.tutorbird.com\/wp-content\/uploads\/2023\/11\/Asset-78@2x-300x289.png 300w, https:\/\/www.tutorbird.com\/wp-content\/uploads\/2023\/11\/Asset-78@2x-768x741.png 768w\" sizes=\"auto, (max-width: 961px) 100vw, 961px\" \/><\/figure>\n\n\n\n<h2 class=\"wp-block-heading\">Enregistrez les s\u00e9ances d\u2019\u00e9tude<\/h2>\n\n\n\n<p class=\"p-style\">Vos \u00e9l\u00e8ves savent-ils vraiment combien ils \u00e9tudient ? Avec la fonction Journal d&rsquo;\u00e9tude de TutorBird, ils peuvent enregistrer le temps qu&rsquo;ils passent \u00e0 \u00e9tudier, prendre des notes et vous laisser des questions. Les \u00e9tudiants peuvent ajouter manuellement du temps ou utiliser la minuterie int\u00e9gr\u00e9e. Ils peuvent \u00e9galement t\u00e9l\u00e9charger des fichiers, comme une feuille de travail termin\u00e9e, pour que vous puissiez les consulter !   <\/p>\n\n<\/div><\/div><\/div>\n\n<div class=\"gb-grid-column gb-grid-column-6e1012a6\"><div class=\"gb-container gb-container-6e1012a6\"><div class=\"gb-inside-container\">\n\n<figure class=\"gb-block-image gb-block-image-60ed3677\"><img loading=\"lazy\" decoding=\"async\" width=\"961\" height=\"927\" class=\"gb-image gb-image-60ed3677 tablet-hide\" src=\"https:\/\/www.tutorbird.com\/wp-content\/uploads\/2023\/11\/Asset-78@2x.png\" alt=\"\" title=\"Asset 78@2x\" srcset=\"https:\/\/www.tutorbird.com\/wp-content\/uploads\/2023\/11\/Asset-78@2x.png 961w, https:\/\/www.tutorbird.com\/wp-content\/uploads\/2023\/11\/Asset-78@2x-300x289.png 300w, https:\/\/www.tutorbird.com\/wp-content\/uploads\/2023\/11\/Asset-78@2x-768x741.png 768w\" sizes=\"auto, (max-width: 961px) 100vw, 961px\" \/><\/figure>\n\n<\/div><\/div><\/div>\n<\/div>\n<\/div><\/div><div data-aos=\"fade-up\" class=\"gb-container gb-container-714abc69\"><div class=\"gb-inside-container\">\n<div class=\"gb-grid-wrapper gb-grid-wrapper-6344e4d7\">\n<div class=\"gb-grid-column gb-grid-column-a91aeed2\"><header class=\"gb-container gb-container-a91aeed2\"><div class=\"gb-inside-container\">\n\n<h2 class=\"text_background_color\">Commencez votre essai <span>GRATUIT de 30 JOURS<\/span><\/h2>\n\n\n\n<p class=\"credit-card\">Aucune carte de cr\u00e9dit requise<\/p>\n\n\n<div class=\"gb-container gb-container-84908788\"><div class=\"gb-inside-container\">\n<div class=\"gb-button-wrapper gb-button-wrapper-52c55dde\">\n\n<a class=\"gb-button gb-button-afc810a6 gb-button-text yellow-button\" href=\"https:\/\/www.tutorbird.com\/fr\/rejoignez-gratuitement\/\">Commencez d\u00e8s aujourd&rsquo;hui !<\/a>\n\n<\/div>\n<\/div><\/div>\n<\/div><\/header><\/div>\n<\/div>\n<\/div><\/div>","protected":false},"excerpt":{"rendered":"<p>Gestion des \u00e9tudiants Calendrier et pr\u00e9sences Factures et paiements Fonctionnalit\u00e9s d&rsquo;entreprise Gestion de l&rsquo;apprentissage Multi-Tuteur Portail \u00c9tudiant Int\u00e9grations Cr\u00e9ateur du site web Portail \u00c9tudiant Cr\u00e9ez un guichet unique pour que les parents et les \u00e9tudiants y acc\u00e8dent en dehors des le\u00e7ons Soutenez vos \u00e9tudiants en dehors du temps de le\u00e7on &#8230; <\/p>\n<p class=\"read-more-container\"><a title=\"Portail \u00c9tudiant\" class=\"read-more button\" href=\"https:\/\/www.tutorbird.com\/fr\/portail-etudiant\/#more-70147\" aria-label=\"En savoir plus sur Portail \u00c9tudiant\">Read More<\/a><\/p>\n","protected":false},"author":6,"featured_media":0,"parent":0,"menu_order":0,"comment_status":"closed","ping_status":"closed","template":"","meta":{"inline_featured_image":false,"footnotes":""},"class_list":{"0":"post-70147","1":"page","2":"type-page","3":"status-publish","5":"no-featured-image-padding"},"_links":{"self":[{"href":"https:\/\/www.tutorbird.com\/fr\/wp-json\/wp\/v2\/pages\/70147","targetHints":{"allow":["GET"]}}],"collection":[{"href":"https:\/\/www.tutorbird.com\/fr\/wp-json\/wp\/v2\/pages"}],"about":[{"href":"https:\/\/www.tutorbird.com\/fr\/wp-json\/wp\/v2\/types\/page"}],"author":[{"embeddable":true,"href":"https:\/\/www.tutorbird.com\/fr\/wp-json\/wp\/v2\/users\/6"}],"replies":[{"embeddable":true,"href":"https:\/\/www.tutorbird.com\/fr\/wp-json\/wp\/v2\/comments?post=70147"}],"version-history":[{"count":5,"href":"https:\/\/www.tutorbird.com\/fr\/wp-json\/wp\/v2\/pages\/70147\/revisions"}],"predecessor-version":[{"id":76024,"href":"https:\/\/www.tutorbird.com\/fr\/wp-json\/wp\/v2\/pages\/70147\/revisions\/76024"}],"wp:attachment":[{"href":"https:\/\/www.tutorbird.com\/fr\/wp-json\/wp\/v2\/media?parent=70147"}],"curies":[{"name":"wp","href":"https:\/\/api.w.org\/{rel}","templated":true}]}}