{"id":70153,"date":"2022-09-06T19:20:45","date_gmt":"2022-09-06T19:20:45","guid":{"rendered":"https:\/\/tutorbird23.dev.onpressidium.com\/calendrier-et-presences\/"},"modified":"2024-10-10T20:13:26","modified_gmt":"2024-10-10T20:13:26","slug":"calendrier-et-presences","status":"publish","type":"page","link":"https:\/\/www.tutorbird.com\/fr\/calendrier-et-presences\/","title":{"rendered":"Calendrier et pr\u00e9sences"},"content":{"rendered":"<div class=\"gb-container gb-container-7aa6265c\"><div class=\"gb-inside-container\">\n<div class=\"gb-container gb-container-db3890d4 align-text-center-features\"><div class=\"gb-inside-container\">\n\n<div class=\"feature-menu-2\">\n<ul class=\"mob-menu\">\n \t<li class=\"features-menu\"><a href=\"https:\/\/www.tutorbird.com\/fr\/gestion-des-etudiants\/\">Gestion des \u00e9tudiants<\/a><\/li>\n \t<li class=\"current features-menu\"><a href=\"https:\/\/www.tutorbird.com\/fr\/calendrier-et-presences\/\">Calendrier et pr\u00e9sences<\/a><\/li>\n \t<li class=\"features-menu\"><a href=\"https:\/\/www.tutorbird.com\/fr\/factures-et-paiements\/\">Factures et paiements<\/a><\/li>\n \t<li class=\"features-menu\"><a href=\"https:\/\/www.tutorbird.com\/fr\/fonctionnalites-dentreprise\/\">Fonctionnalit\u00e9s d&rsquo;entreprise<\/a><\/li>\n \t<li class=\"features-menu\"><a href=\"https:\/\/www.tutorbird.com\/fr\/gestion-de-lapprentissage\/\">Gestion de l&rsquo;apprentissage<\/a><\/li>\n \t<li class=\"features-menu\"><a href=\"https:\/\/www.tutorbird.com\/fr\/multi-tuteur\/\">Multi-Tuteur<\/a><\/li>\n \t<li class=\"features-menu\"><a href=\"https:\/\/www.tutorbird.com\/fr\/portail-etudiant\/\">Portail \u00e9tudiant<\/a><\/li>\n        <li class=\"features-menu\"><a href=\"https:\/\/www.tutorbird.com\/fr\/integrations\/\">Int\u00e9grations<\/a><\/li>\n        <li class=\"last features-menu\"><a href=\"https:\/\/www.tutorbird.com\/fr\/createur-du-site-web\/\">Cr\u00e9ateur du site web<\/a><\/li>\n<\/ul>\n<\/div>\n\n<\/div><\/div>\n\n<div data-aos=\"fade-up\" class=\"gb-container gb-container-fc6371ee\"><div class=\"gb-inside-container\">\n\n<h1 class=\"wp-block-heading has-text-align-center feature-header has-contrast-color has-text-color\">Calendrier et pr\u00e9sences<\/h1>\n\n\n<div class=\"gb-container gb-container-033bdd0e\"><div class=\"gb-inside-container\">\n\n<p class=\"has-text-align-center feature-page-subheader has-medium-font-size\">Organisez vos le\u00e7ons, enregistrez les pr\u00e9sences et suivez les progr\u00e8s des \u00e9tudiants.<\/p>\n\n<\/div><\/div>\n<\/div><\/div>\n<\/div><div class=\"gb-shapes\"><div class=\"gb-shape gb-shape-1\"><svg xmlns=\"http:\/\/www.w3.org\/2000\/svg\" viewBox=\"0 0 1200 137.6\" preserveAspectRatio=\"none\"><path d=\"M0 137.6h1200V21.9l-66.7 26.7c-66.7 26.7-200 80-333.3 66.7S533.3 21.9 400 4.2C266.7-13.9 133.3 31.1 66.7 53L0 75.3v62.3z\"\/><\/svg><\/div><\/div><\/div>\n\n<div data-aos=\"fade-up\" class=\"gb-container gb-container-e899c9b4\"><div class=\"gb-inside-container\">\n\n<figure class=\"gb-block-image gb-block-image-e6d5d8a7\"><img loading=\"lazy\" decoding=\"async\" width=\"1251\" height=\"795\" class=\"gb-image gb-image-e6d5d8a7\" src=\"https:\/\/www.tutorbird.com\/wp-content\/uploads\/2024\/10\/CA-header-fr@2x.png\" alt=\"\" title=\"CA-header-fr@2x\" srcset=\"https:\/\/www.tutorbird.com\/wp-content\/uploads\/2024\/10\/CA-header-fr@2x.png 1251w, https:\/\/www.tutorbird.com\/wp-content\/uploads\/2024\/10\/CA-header-fr@2x-300x191.png 300w, https:\/\/www.tutorbird.com\/wp-content\/uploads\/2024\/10\/CA-header-fr@2x-1024x651.png 1024w, https:\/\/www.tutorbird.com\/wp-content\/uploads\/2024\/10\/CA-header-fr@2x-768x488.png 768w\" sizes=\"auto, (max-width: 1251px) 100vw, 1251px\" \/><\/figure>\n\n<\/div><\/div>\n\n<div data-aos=\"fade-up\" class=\"gb-container gb-container-b888acb6\"><div class=\"gb-inside-container\">\n\n<h2 class=\"text_background_color\">Outils de planification <span>puissants <\/span>pour g\u00e9rer vos le\u00e7ons<\/h2>\n\n\n\n<p class=\"p-style\" style=\"font-size:18px\">Organisez votre emploi du temps charg\u00e9 avec le calendrier complet de TutorBird. Ajoutez vos le\u00e7ons, personnalisez vos vues, enregistrez les pr\u00e9sences et bien plus encore ! <\/p>\n\n\n<div class=\"gb-container gb-container-ea636631\"><div class=\"gb-inside-container\">\n<div class=\"gb-button-wrapper gb-button-wrapper-a9809165\">\n\n<a class=\"gb-button gb-button-5b99cb9b gb-button-text yellow-button\" href=\"https:\/\/www.tutorbird.com\/fr\/rejoignez-gratuitement\/\">Essayez-le gratuitement d\u00e8s aujourd&rsquo;hui !<\/a>\n\n<\/div>\n<\/div><\/div>\n<\/div><\/div>\n\n<div data-aos=\"fade-up\" class=\"gb-container gb-container-9d39c55b tablet-hide\"><div class=\"gb-inside-container\">\n\n<figure class=\"wp-block-image size-full\"><img loading=\"lazy\" decoding=\"async\" width=\"358\" height=\"295\" src=\"https:\/\/www.tutorbird.com\/wp-content\/uploads\/2023\/11\/dots-green.png\" alt=\"\" class=\"wp-image-64774\" srcset=\"https:\/\/www.tutorbird.com\/wp-content\/uploads\/2023\/11\/dots-green.png 358w, https:\/\/www.tutorbird.com\/wp-content\/uploads\/2023\/11\/dots-green-300x247.png 300w\" sizes=\"auto, (max-width: 358px) 100vw, 358px\" \/><\/figure>\n\n<\/div><\/div>\n\n<div data-aos=\"fade-up\" class=\"gb-container gb-container-d07d7ad8\"><div class=\"gb-inside-container\">\n<style>.kt-blocks-testimonials-wrap70153_fb657a-32 .kt-svg-testimonial-global-icon{font-size:30px;}.kt-blocks-testimonials-wrap70153_fb657a-32 .kt-testimonial-rating-wrap .kb-svg-icon-wrap{color:#ffd700;font-size:16px;}.kt-blocks-testimonials-wrap70153_fb657a-32 .kt-testimonial-grid-wrap{gap:30px;}.kt-blocks-testimonials-wrap70153_fb657a-32 .kt-testimonial-item-wrap{padding-top:20px;padding-right:20px;padding-bottom:20px;padding-left:20px;}.kt-blocks-testimonials-wrap70153_fb657a-32 .kt-testimonial-content{color:var(--contrast-3);font-size:19px;line-height:43px;font-family:Poppins;font-style:normal;font-weight:300;}.kt-blocks-testimonials-wrap70153_fb657a-32 .kt-testimonial-name{color:rgba(51,204,204,0.65);font-size:20px;font-weight:bold;}.kt-blocks-testimonials-wrap70153_fb657a-32 .kt-testimonial-occupation{color:var(--contrast-3);font-size:13px;}.kt-blocks-testimonials-wrap70153_fb657a-32 .kt-testimonial-item-wrap{max-width:1000px;}@media all and (max-width: 767px){.kt-blocks-testimonials-wrap70153_fb657a-32{padding-top:px;padding-bottom:px;margin-top:px;margin-bottom:px;}}<\/style><div class=\"kt-blocks-testimonials-wrap70153_fb657a-32 kt-testimonial-halign-center kt-testimonial-style-basic kt-testimonials-media-off kt-testimonials-icon-off kt-testimonial-columns-1 kt-t-xxl-col-1 kt-t-xl-col-1 kt-t-lg-col-1 kt-t-md-col-1 kt-t-sm-col-1 kt-t-xs-col-1 wp-block-kadence-testimonials\"><ul class=\"kt-blocks-testimonials-inner-wrap kt-testimonial-grid-wrap\">\n<li class=\"kt-testimonial-grid-item\"><div class=\"kt-testimonial-item-wrap kt-testimonial-item-70153_580bdd-8a wp-block-kadence-testimonial\"><div class=\"kt-testimonial-text-wrap\"><div class=\"kt-testimonial-content-wrap\"><blockquote class=\"kt-testimonial-content\"><em>\u00ab J&rsquo;adore cela car cela m&rsquo;aide \u00e0 g\u00e9rer la planification des le\u00e7ons de mani\u00e8re organis\u00e9e et les notes de pr\u00e9sence et de cours sont vraiment excellentes. Je l&rsquo;utilise presque tous les jours ! \u00bb<\/em><\/blockquote><\/div><\/div><div class=\"kt-testimonial-meta-wrap\"><div class=\"kt-testimonial-meta-name-wrap\"><div class=\"kt-testimonial-name-wrap\"><div class=\"kt-testimonial-name\">&#8211; Kangie T.<\/div><\/div><\/div><\/div><\/div><\/li>\n<\/ul><\/div>\n<\/div><\/div>\n\n<div data-aos=\"fade-up\" class=\"gb-container gb-container-35492a31\"><div class=\"gb-inside-container\">\n<div class=\"gb-container gb-container-3df6ddd6\"><div class=\"gb-inside-container\">\n<div class=\"gb-grid-wrapper gb-grid-wrapper-c68aad39\">\n<div class=\"gb-grid-column gb-grid-column-2616041c\"><div class=\"gb-container gb-container-2616041c\"><div class=\"gb-inside-container\">\n\n<figure class=\"gb-block-image gb-block-image-b9491720\"><img loading=\"lazy\" decoding=\"async\" width=\"978\" height=\"972\" class=\"gb-image gb-image-b9491720\" src=\"https:\/\/www.tutorbird.com\/wp-content\/uploads\/2024\/10\/CA-schedule-fr@2x.png\" alt=\"\" title=\"CA--schedule-fr@2x\" srcset=\"https:\/\/www.tutorbird.com\/wp-content\/uploads\/2024\/10\/CA-schedule-fr@2x.png 978w, https:\/\/www.tutorbird.com\/wp-content\/uploads\/2024\/10\/CA-schedule-fr@2x-300x298.png 300w, https:\/\/www.tutorbird.com\/wp-content\/uploads\/2024\/10\/CA-schedule-fr@2x-150x150.png 150w, https:\/\/www.tutorbird.com\/wp-content\/uploads\/2024\/10\/CA-schedule-fr@2x-768x763.png 768w\" sizes=\"auto, (max-width: 978px) 100vw, 978px\" \/><\/figure>\n\n<\/div><\/div><\/div>\n\n<div class=\"gb-grid-column gb-grid-column-9978af6f\"><div class=\"gb-container gb-container-9978af6f\"><div class=\"gb-inside-container\">\n\n<h2 class=\"wp-block-heading\">Planifiez vos le\u00e7ons<\/h2>\n\n\n\n<p class=\"p-style\">Le\u00e7ons priv\u00e9es, groupes, ateliers&#8230; oh l\u00e0 l\u00e0 ! Peu importe ce que vous enseignez, vous pouvez l&rsquo;ajouter \u00e0 votre calendrier en toute simplicit\u00e9. Configurez des tarifs par d\u00e9faut pour chaque \u00e9tudiant pour planifier leurs le\u00e7ons en en peu de clics ! Ou cr\u00e9ez des \u00e9v\u00e9nements ouverts pour permettre aux familles de s&rsquo;inscrire via le portail \u00e9tudiant.   <\/p>\n\n<\/div><\/div><\/div>\n<\/div>\n<\/div><\/div>\n<\/div><\/div>\n\n<div data-aos=\"fade-up\" class=\"gb-container gb-container-fc84779d\"><div class=\"gb-inside-container\">\n<div class=\"gb-grid-wrapper gb-grid-wrapper-41a3c7f9\">\n<div class=\"gb-grid-column gb-grid-column-f227928b\"><div class=\"gb-container gb-container-f227928b\"><div class=\"gb-inside-container\">\n\n<figure class=\"gb-block-image gb-block-image-3fdfc3a5\"><img loading=\"lazy\" decoding=\"async\" width=\"918\" height=\"921\" class=\"gb-image gb-image-3fdfc3a5 tablet-show\" src=\"https:\/\/www.tutorbird.com\/wp-content\/uploads\/2024\/10\/CA-organize-fr-v2@2x.png\" alt=\"\" title=\"CA-organize-fr-v2@2x\" srcset=\"https:\/\/www.tutorbird.com\/wp-content\/uploads\/2024\/10\/CA-organize-fr-v2@2x.png 918w, https:\/\/www.tutorbird.com\/wp-content\/uploads\/2024\/10\/CA-organize-fr-v2@2x-300x300.png 300w, https:\/\/www.tutorbird.com\/wp-content\/uploads\/2024\/10\/CA-organize-fr-v2@2x-150x150.png 150w, https:\/\/www.tutorbird.com\/wp-content\/uploads\/2024\/10\/CA-organize-fr-v2@2x-768x771.png 768w\" sizes=\"auto, (max-width: 918px) 100vw, 918px\" \/><\/figure>\n\n\n\n<h2 class=\"wp-block-heading\">Personnalisez et organisez<\/h2>\n\n\n\n<p class=\"p-style\">Cr\u00e9ez des cat\u00e9gories d&rsquo;\u00e9v\u00e9nements pour les sujets, types de le\u00e7ons, fermetures d\u2019entreprise et plus encore. Ajoutez des emplacements pour \u00e9viter les doubles r\u00e9servations ou pour s\u00e9parer vos le\u00e7ons en personne de vos le\u00e7ons en ligne. Utilisez les fonctions de recherche et de filtrage pour voir exactement ce dont vous avez besoin \u2013 ou basculez entre mois, semaine, jour, chronologie et agenda pour la vue parfaite !  <\/p>\n\n<\/div><\/div><\/div>\n\n<div class=\"gb-grid-column gb-grid-column-e605fe6f\"><div class=\"gb-container gb-container-e605fe6f\"><div class=\"gb-inside-container\">\n\n<figure class=\"gb-block-image gb-block-image-7b7741a8\"><img loading=\"lazy\" decoding=\"async\" width=\"918\" height=\"921\" class=\"gb-image gb-image-7b7741a8 tablet-hide\" src=\"https:\/\/www.tutorbird.com\/wp-content\/uploads\/2024\/10\/CA-organize-fr-v2@2x.png\" alt=\"\" title=\"CA-organize-fr-v2@2x\" srcset=\"https:\/\/www.tutorbird.com\/wp-content\/uploads\/2024\/10\/CA-organize-fr-v2@2x.png 918w, https:\/\/www.tutorbird.com\/wp-content\/uploads\/2024\/10\/CA-organize-fr-v2@2x-300x300.png 300w, https:\/\/www.tutorbird.com\/wp-content\/uploads\/2024\/10\/CA-organize-fr-v2@2x-150x150.png 150w, https:\/\/www.tutorbird.com\/wp-content\/uploads\/2024\/10\/CA-organize-fr-v2@2x-768x771.png 768w\" sizes=\"auto, (max-width: 918px) 100vw, 918px\" \/><\/figure>\n\n<\/div><\/div><\/div>\n<\/div>\n<\/div><\/div>\n\n<div data-aos=\"fade-up\" class=\"gb-container gb-container-5e3e3f29 tablet-hide\"><div class=\"gb-inside-container\">\n<div class=\"gb-grid-wrapper gb-grid-wrapper-c66a1660\">\n<div class=\"gb-grid-column gb-grid-column-1ef5cce4\"><div class=\"gb-container gb-container-1ef5cce4\"><div class=\"gb-inside-container\"><\/div><\/div><\/div>\n\n<div class=\"gb-grid-column gb-grid-column-896ca1e7\"><div class=\"gb-container gb-container-896ca1e7\"><div class=\"gb-inside-container\">\n<div class=\"wp-block-image\">\n<figure class=\"alignright size-full\"><img loading=\"lazy\" decoding=\"async\" width=\"358\" height=\"296\" src=\"https:\/\/www.tutorbird.com\/wp-content\/uploads\/2023\/11\/dots-orange.png\" alt=\"\" class=\"wp-image-64778\" srcset=\"https:\/\/www.tutorbird.com\/wp-content\/uploads\/2023\/11\/dots-orange.png 358w, https:\/\/www.tutorbird.com\/wp-content\/uploads\/2023\/11\/dots-orange-300x248.png 300w\" sizes=\"auto, (max-width: 358px) 100vw, 358px\" \/><\/figure>\n<\/div>\n<\/div><\/div><\/div>\n<\/div>\n<\/div><\/div>\n\n<div data-aos=\"fade-up\" class=\"gb-container gb-container-89b6df2e\"><div class=\"gb-inside-container\">\n<div class=\"gb-grid-wrapper gb-grid-wrapper-ec615136\">\n<div class=\"gb-grid-column gb-grid-column-66f481a0\"><div class=\"gb-container gb-container-66f481a0\"><div class=\"gb-inside-container\">\n\n<figure class=\"gb-block-image gb-block-image-5f0ce32a\"><img loading=\"lazy\" decoding=\"async\" width=\"941\" height=\"895\" class=\"gb-image gb-image-5f0ce32a\" src=\"https:\/\/www.tutorbird.com\/wp-content\/uploads\/2024\/10\/CA-REminders-fr@2x.png\" alt=\"\" title=\"CA-REminders-fr@2x\" srcset=\"https:\/\/www.tutorbird.com\/wp-content\/uploads\/2024\/10\/CA-REminders-fr@2x.png 941w, https:\/\/www.tutorbird.com\/wp-content\/uploads\/2024\/10\/CA-REminders-fr@2x-300x285.png 300w, https:\/\/www.tutorbird.com\/wp-content\/uploads\/2024\/10\/CA-REminders-fr@2x-768x730.png 768w\" sizes=\"auto, (max-width: 941px) 100vw, 941px\" \/><\/figure>\n\n<\/div><\/div><\/div>\n\n<div class=\"gb-grid-column gb-grid-column-44911dd2\"><div class=\"gb-container gb-container-44911dd2\"><div class=\"gb-inside-container\">\n\n<h2 class=\"wp-block-heading\">Plus d\u2019absences non pr\u00e9vues<\/h2>\n\n\n\n<p class=\"p-style\">Vos \u00e9tudiants m\u00e8nent des vies bien remplies \u2013 aidez-les \u00e0 se rappeler de leurs heures de le\u00e7on avec des rappels automatiques par courriel et SMS ! R\u00e9duisez les le\u00e7ons manqu\u00e9es et les annulations avec des rappels personnalis\u00e9s programm\u00e9s des jours ou des heures \u00e0 l&rsquo;avance. Personnalisez votre message pour que vos \u00e9tudiants aient toutes les informations dont ils ont besoin !  <\/p>\n\n<\/div><\/div><\/div>\n<\/div>\n<\/div><\/div>\n\n<div data-aos=\"fade-up\" class=\"gb-container gb-container-66f61be0\"><div class=\"gb-inside-container\">\n<div class=\"gb-grid-wrapper gb-grid-wrapper-b1dd86a3\">\n<div class=\"gb-grid-column gb-grid-column-6d5f3f7d\"><div class=\"gb-container gb-container-6d5f3f7d\"><div class=\"gb-inside-container\">\n\n<figure class=\"gb-block-image gb-block-image-b7bc2a71\"><img loading=\"lazy\" decoding=\"async\" width=\"1035\" height=\"857\" class=\"gb-image gb-image-b7bc2a71 tablet-show\" src=\"https:\/\/www.tutorbird.com\/wp-content\/uploads\/2024\/10\/CA-Attendance-fr@2x.png\" alt=\"\" title=\"CA-Attendance-fr@2x\" srcset=\"https:\/\/www.tutorbird.com\/wp-content\/uploads\/2024\/10\/CA-Attendance-fr@2x.png 1035w, https:\/\/www.tutorbird.com\/wp-content\/uploads\/2024\/10\/CA-Attendance-fr@2x-300x248.png 300w, https:\/\/www.tutorbird.com\/wp-content\/uploads\/2024\/10\/CA-Attendance-fr@2x-1024x848.png 1024w, https:\/\/www.tutorbird.com\/wp-content\/uploads\/2024\/10\/CA-Attendance-fr@2x-768x636.png 768w\" sizes=\"auto, (max-width: 1035px) 100vw, 1035px\" \/><\/figure>\n\n\n\n<h2 class=\"wp-block-heading\">Suivez la pr\u00e9sence des \u00e9tudiants<\/h2>\n\n\n\n<p class=\"p-style\">TutorBird propose des options de pr\u00e9sence pour toutes les situations ! D\u00e9livrez et utilisez des cr\u00e9dits de rattrapage pour les le\u00e7ons manqu\u00e9es. Pas le temps de prendre les pr\u00e9sences pendant la le\u00e7on ? Pas de probl\u00e8me ! Prenez facilement les pr\u00e9sences en retard ou en groupe pour une journ\u00e9e enti\u00e8re d\u2019un coup !    <\/p>\n\n<\/div><\/div><\/div>\n\n<div class=\"gb-grid-column gb-grid-column-6e1012a6\"><div class=\"gb-container gb-container-6e1012a6\"><div class=\"gb-inside-container\">\n\n<figure class=\"gb-block-image gb-block-image-60ed3677\"><img loading=\"lazy\" decoding=\"async\" width=\"1035\" height=\"857\" class=\"gb-image gb-image-60ed3677 tablet-hide\" src=\"https:\/\/www.tutorbird.com\/wp-content\/uploads\/2024\/10\/CA-Attendance-fr@2x.png\" alt=\"\" title=\"CA-Attendance-fr@2x\" srcset=\"https:\/\/www.tutorbird.com\/wp-content\/uploads\/2024\/10\/CA-Attendance-fr@2x.png 1035w, https:\/\/www.tutorbird.com\/wp-content\/uploads\/2024\/10\/CA-Attendance-fr@2x-300x248.png 300w, https:\/\/www.tutorbird.com\/wp-content\/uploads\/2024\/10\/CA-Attendance-fr@2x-1024x848.png 1024w, https:\/\/www.tutorbird.com\/wp-content\/uploads\/2024\/10\/CA-Attendance-fr@2x-768x636.png 768w\" sizes=\"auto, (max-width: 1035px) 100vw, 1035px\" \/><\/figure>\n\n<\/div><\/div><\/div>\n<\/div>\n<\/div><\/div>\n\n<div data-aos=\"fade-up\" class=\"gb-container gb-container-d4675ecd\"><div class=\"gb-inside-container\">\n<div class=\"gb-grid-wrapper gb-grid-wrapper-2ac84539\">\n<div class=\"gb-grid-column gb-grid-column-fa0b8959\"><div class=\"gb-container gb-container-fa0b8959\"><div class=\"gb-inside-container\">\n\n<figure class=\"gb-block-image gb-block-image-7cbf8cc5\"><img loading=\"lazy\" decoding=\"async\" width=\"909\" height=\"869\" class=\"gb-image gb-image-7cbf8cc5\" src=\"https:\/\/www.tutorbird.com\/wp-content\/uploads\/2024\/10\/CA-lesson-notes-fr@2x.png\" alt=\"\" title=\"CA-lesson-notes-fr@2x\" srcset=\"https:\/\/www.tutorbird.com\/wp-content\/uploads\/2024\/10\/CA-lesson-notes-fr@2x.png 909w, https:\/\/www.tutorbird.com\/wp-content\/uploads\/2024\/10\/CA-lesson-notes-fr@2x-300x287.png 300w, https:\/\/www.tutorbird.com\/wp-content\/uploads\/2024\/10\/CA-lesson-notes-fr@2x-768x734.png 768w\" sizes=\"auto, (max-width: 909px) 100vw, 909px\" \/><\/figure>\n\n<\/div><\/div><\/div>\n\n<div class=\"gb-grid-column gb-grid-column-148d1f7f\"><div class=\"gb-container gb-container-148d1f7f\"><div class=\"gb-inside-container\">\n\n<h2 class=\"wp-block-heading\">Prenez des notes d\u00e9taill\u00e9es sur les le\u00e7ons<\/h2>\n\n\n\n<p class=\"p-style\">Suivez les progr\u00e8s des \u00e9tudiants avec des notes de le\u00e7on pour les \u00e9tudiants et les parents, et des notes priv\u00e9es pour vous-m\u00eame ! Liez des fichiers dans vos ressources en ligne, et plus encore. De plus, cr\u00e9ez des mod\u00e8les de notes de le\u00e7on personnalis\u00e9s pour rationaliser votre prise de notes pendant les le\u00e7ons. Ensuite envoyez des notes par courriel aux \u00e9tudiants et aux parents a la fin de la le\u00e7on en quelques clics !   <\/p>\n\n<\/div><\/div><\/div>\n<\/div>\n<\/div><\/div>\n\n<div data-aos=\"fade-up\" class=\"gb-container gb-container-8987f3db tablet-hide\"><div class=\"gb-inside-container\">\n\n<figure class=\"wp-block-image size-full\"><img loading=\"lazy\" decoding=\"async\" width=\"358\" height=\"295\" src=\"https:\/\/www.tutorbird.com\/wp-content\/uploads\/2023\/11\/dots-green.png\" alt=\"\" class=\"wp-image-64774\" srcset=\"https:\/\/www.tutorbird.com\/wp-content\/uploads\/2023\/11\/dots-green.png 358w, https:\/\/www.tutorbird.com\/wp-content\/uploads\/2023\/11\/dots-green-300x247.png 300w\" sizes=\"auto, (max-width: 358px) 100vw, 358px\" \/><\/figure>\n\n<\/div><\/div>\n\n<div data-aos=\"fade-up\" class=\"gb-container gb-container-6ebab716\"><div class=\"gb-inside-container\">\n<div class=\"gb-grid-wrapper gb-grid-wrapper-f2e0c648\">\n<div class=\"gb-grid-column gb-grid-column-377f4e53\"><div class=\"gb-container gb-container-377f4e53\"><div class=\"gb-inside-container\">\n\n<figure class=\"gb-block-image gb-block-image-d410df27\"><img loading=\"lazy\" decoding=\"async\" width=\"983\" height=\"880\" class=\"gb-image gb-image-d410df27 tablet-show\" src=\"https:\/\/www.tutorbird.com\/wp-content\/uploads\/2024\/10\/CA-online-fr@2x.png\" alt=\"\" title=\"CA-online-fr@2x\" srcset=\"https:\/\/www.tutorbird.com\/wp-content\/uploads\/2024\/10\/CA-online-fr@2x.png 983w, https:\/\/www.tutorbird.com\/wp-content\/uploads\/2024\/10\/CA-online-fr@2x-300x269.png 300w, https:\/\/www.tutorbird.com\/wp-content\/uploads\/2024\/10\/CA-online-fr@2x-768x688.png 768w\" sizes=\"auto, (max-width: 983px) 100vw, 983px\" \/><\/figure>\n\n\n\n<h2 class=\"wp-block-heading\">Enseignez des le\u00e7ons en ligne<\/h2>\n\n\n\n<p class=\"p-style\">Nos int\u00e9grations Zoom, Skype et FaceTime rendent l&rsquo;enseignement en ligne fluide ! Enregistrez simplement les noms d&rsquo;utilisateur ou les URL de r\u00e9union et rejoignez vos le\u00e7ons directement depuis le calendrier. De plus, incluez des liens automatiquement les liens de r\u00e9union dans les rappels de le\u00e7on pour que les \u00e9tudiants puissent rejoindre en un seul clic !  <\/p>\n\n<\/div><\/div><\/div>\n\n<div class=\"gb-grid-column gb-grid-column-808e3681\"><div class=\"gb-container gb-container-808e3681\"><div class=\"gb-inside-container\">\n\n<figure class=\"gb-block-image gb-block-image-68ee136d\"><img loading=\"lazy\" decoding=\"async\" width=\"983\" height=\"880\" class=\"gb-image gb-image-68ee136d tablet-hide\" src=\"https:\/\/www.tutorbird.com\/wp-content\/uploads\/2024\/10\/CA-online-fr@2x.png\" alt=\"\" title=\"CA-online-fr@2x\" srcset=\"https:\/\/www.tutorbird.com\/wp-content\/uploads\/2024\/10\/CA-online-fr@2x.png 983w, https:\/\/www.tutorbird.com\/wp-content\/uploads\/2024\/10\/CA-online-fr@2x-300x269.png 300w, https:\/\/www.tutorbird.com\/wp-content\/uploads\/2024\/10\/CA-online-fr@2x-768x688.png 768w\" sizes=\"auto, (max-width: 983px) 100vw, 983px\" \/><\/figure>\n\n<\/div><\/div><\/div>\n<\/div>\n<\/div><\/div>\n\n<div data-aos=\"fade-up\" class=\"gb-container gb-container-39c27e41\"><div class=\"gb-inside-container\">\n<div class=\"gb-grid-wrapper gb-grid-wrapper-e1bb7943\">\n<div class=\"gb-grid-column gb-grid-column-7b7b5670\"><div class=\"gb-container gb-container-7b7b5670\"><div class=\"gb-inside-container\">\n\n<figure class=\"gb-block-image gb-block-image-8fe0877c\"><img loading=\"lazy\" decoding=\"async\" width=\"1025\" height=\"781\" class=\"gb-image gb-image-8fe0877c\" src=\"https:\/\/www.tutorbird.com\/wp-content\/uploads\/2024\/10\/CA-Sync-fr@2x.png\" alt=\"\" title=\"CA-Sync-fr@2x\" srcset=\"https:\/\/www.tutorbird.com\/wp-content\/uploads\/2024\/10\/CA-Sync-fr@2x.png 1025w, https:\/\/www.tutorbird.com\/wp-content\/uploads\/2024\/10\/CA-Sync-fr@2x-300x229.png 300w, https:\/\/www.tutorbird.com\/wp-content\/uploads\/2024\/10\/CA-Sync-fr@2x-768x585.png 768w\" sizes=\"auto, (max-width: 1025px) 100vw, 1025px\" \/><\/figure>\n\n<\/div><\/div><\/div>\n\n<div class=\"gb-grid-column gb-grid-column-73b08556\"><div class=\"gb-container gb-container-73b08556\"><div class=\"gb-inside-container\">\n\n<h2 class=\"wp-block-heading\">Synchronisez votre calendrier<\/h2>\n\n\n\n<p class=\"p-style\">Tant d&rsquo;\u00e9tudiants, si peu de temps ! Synchronisez votre calendrier TutorBird avec votre t\u00e9l\u00e9phone, tablette ou ordinateur pour que, o\u00f9 que vous soyez, votre calendrier soit avec vous. Configurez des alertes pour des cat\u00e9gories sp\u00e9cifiques pour ne jamais oublier une le\u00e7on !  <\/p>\n\n<\/div><\/div><\/div>\n<\/div>\n<\/div><\/div>\n\n<div data-aos=\"fade-up\" class=\"gb-container gb-container-714abc69\"><div class=\"gb-inside-container\">\n<div class=\"gb-grid-wrapper gb-grid-wrapper-6344e4d7\">\n<div class=\"gb-grid-column gb-grid-column-a91aeed2\"><header class=\"gb-container gb-container-a91aeed2\"><div class=\"gb-inside-container\">\n\n<h2 class=\"text_background_color\">Commencez votre essai <span>GRATUIT<\/span> de <span>30 JOURS<\/span> maintenant<\/h2>\n\n\n\n<p class=\"credit-card\">Aucune carte de cr\u00e9dit requise<\/p>\n\n\n<div class=\"gb-container gb-container-84908788\"><div class=\"gb-inside-container\">\n<div class=\"gb-button-wrapper gb-button-wrapper-52c55dde\">\n\n<a class=\"gb-button gb-button-afc810a6 gb-button-text yellow-button\" href=\"https:\/\/www.tutorbird.com\/fr\/rejoignez-gratuitement\/\">Commencez d\u00e8s aujourd&rsquo;hui !<\/a>\n\n<\/div>\n<\/div><\/div>\n<\/div><\/header><\/div>\n<\/div>\n<\/div><\/div>","protected":false},"excerpt":{"rendered":"<p>Gestion des \u00e9tudiants Calendrier et pr\u00e9sences Factures et paiements Fonctionnalit\u00e9s d&rsquo;entreprise Gestion de l&rsquo;apprentissage Multi-Tuteur Portail \u00e9tudiant Int\u00e9grations Cr\u00e9ateur du site web Calendrier et pr\u00e9sences Organisez vos le\u00e7ons, enregistrez les pr\u00e9sences et suivez les progr\u00e8s des \u00e9tudiants. Outils de planification puissants pour g\u00e9rer vos le\u00e7ons Organisez votre emploi du temps &#8230; <\/p>\n<p class=\"read-more-container\"><a title=\"Calendrier et pr\u00e9sences\" class=\"read-more button\" href=\"https:\/\/www.tutorbird.com\/fr\/calendrier-et-presences\/#more-70153\" aria-label=\"En savoir plus sur Calendrier et pr\u00e9sences\">Read More<\/a><\/p>\n","protected":false},"author":6,"featured_media":0,"parent":0,"menu_order":0,"comment_status":"closed","ping_status":"closed","template":"","meta":{"inline_featured_image":false,"footnotes":""},"class_list":{"0":"post-70153","1":"page","2":"type-page","3":"status-publish","5":"no-featured-image-padding"},"_links":{"self":[{"href":"https:\/\/www.tutorbird.com\/fr\/wp-json\/wp\/v2\/pages\/70153","targetHints":{"allow":["GET"]}}],"collection":[{"href":"https:\/\/www.tutorbird.com\/fr\/wp-json\/wp\/v2\/pages"}],"about":[{"href":"https:\/\/www.tutorbird.com\/fr\/wp-json\/wp\/v2\/types\/page"}],"author":[{"embeddable":true,"href":"https:\/\/www.tutorbird.com\/fr\/wp-json\/wp\/v2\/users\/6"}],"replies":[{"embeddable":true,"href":"https:\/\/www.tutorbird.com\/fr\/wp-json\/wp\/v2\/comments?post=70153"}],"version-history":[{"count":4,"href":"https:\/\/www.tutorbird.com\/fr\/wp-json\/wp\/v2\/pages\/70153\/revisions"}],"predecessor-version":[{"id":70958,"href":"https:\/\/www.tutorbird.com\/fr\/wp-json\/wp\/v2\/pages\/70153\/revisions\/70958"}],"wp:attachment":[{"href":"https:\/\/www.tutorbird.com\/fr\/wp-json\/wp\/v2\/media?parent=70153"}],"curies":[{"name":"wp","href":"https:\/\/api.w.org\/{rel}","templated":true}]}}