{"id":70163,"date":"2023-11-20T14:51:39","date_gmt":"2023-11-20T14:51:39","guid":{"rendered":"https:\/\/tutorbird23.dev.onpressidium.com\/integrations\/"},"modified":"2025-04-14T20:22:09","modified_gmt":"2025-04-14T20:22:09","slug":"integrations","status":"publish","type":"page","link":"https:\/\/www.tutorbird.com\/fr\/integrations\/","title":{"rendered":"Int\u00e9grations"},"content":{"rendered":"<div class=\"gb-container gb-container-7aa6265c\"><div class=\"gb-inside-container\">\n<div class=\"gb-container gb-container-db3890d4 align-text-center-features\"><div class=\"gb-inside-container\">\n\n<div class=\"feature-menu-2\">\n<ul class=\"mob-menu\">\n \t<li class=\"features-menu\"><a href=\"https:\/\/www.tutorbird.com\/fr\/gestion-des-etudiants\/\">Gestion des \u00e9tudiants<\/a><\/li>\n \t<li class=\"features-menu\"><a href=\"https:\/\/www.tutorbird.com\/fr\/calendrier-et-presences\/\">Calendrier et pr\u00e9sences<\/a><\/li>\n \t<li class=\"features-menu\"><a href=\"https:\/\/www.tutorbird.com\/fr\/factures-et-paiements\/\">Factures et paiements<\/a><\/li>\n \t<li class=\"features-menu\"><a href=\"https:\/\/www.tutorbird.com\/fr\/fonctionnalites-dentreprise\/\">Fonctionnalit\u00e9s d&rsquo;entreprise<\/a><\/li>\n \t<li class=\"features-menu\"><a href=\"https:\/\/www.tutorbird.com\/fr\/gestion-de-lapprentissage\/\">Gestion de l&rsquo;apprentissage<\/a><\/li>\n \t<li class=\"features-menu\"><a href=\"https:\/\/www.tutorbird.com\/fr\/multi-tuteur\/\">Multi-Tuteur<\/a><\/li>\n \t<li class=\"features-menu\"><a href=\"https:\/\/www.tutorbird.com\/fr\/portail-etudiant\/\">Portail \u00c9tudiant<\/a><\/li>\n        <li class=\"current features-menu\"><a href=\"https:\/\/www.tutorbird.com\/fr\/integrations\/\">Int\u00e9grations<\/a><\/li>\n        <li class=\"last features-menu\"><a href=\"https:\/\/www.tutorbird.com\/fr\/createur-du-site-web\/\">Cr\u00e9ateur du site web<\/a><\/li>\n<\/ul>\n<\/div>\n\n<\/div><\/div>\n\n<div data-aos=\"fade\" class=\"gb-container gb-container-fc6371ee\"><div class=\"gb-inside-container\">\n\n<h1 class=\"wp-block-heading has-text-align-center feature-header has-contrast-color has-text-color\">Int\u00e9grations<\/h1>\n\n\n<div class=\"gb-container gb-container-033bdd0e\"><div class=\"gb-inside-container\">\n\n<p class=\"has-text-align-center feature-page-subheader has-medium-font-size\">Connectez TutorBird \u00e0 vos autres applications et automatisez votre entrprise<\/p>\n\n<\/div><\/div>\n<\/div><\/div>\n<\/div><div class=\"gb-shapes\"><div class=\"gb-shape gb-shape-1\"><svg xmlns=\"http:\/\/www.w3.org\/2000\/svg\" viewBox=\"0 0 1200 137.6\" preserveAspectRatio=\"none\"><path d=\"M0 137.6h1200V21.9l-66.7 26.7c-66.7 26.7-200 80-333.3 66.7S533.3 21.9 400 4.2C266.7-13.9 133.3 31.1 66.7 53L0 75.3v62.3z\"\/><\/svg><\/div><\/div><\/div><div data-aos=\"fade-up\" class=\"gb-container gb-container-e899c9b4\"><div class=\"gb-inside-container\">\n\n<figure class=\"gb-block-image gb-block-image-e6d5d8a7\"><img loading=\"lazy\" decoding=\"async\" width=\"1255\" height=\"801\" class=\"gb-image gb-image-e6d5d8a7\" src=\"https:\/\/www.tutorbird.com\/wp-content\/uploads\/2023\/11\/integrations-header@2x.png\" alt=\"\" title=\"integrations-header@2x\" srcset=\"https:\/\/www.tutorbird.com\/wp-content\/uploads\/2023\/11\/integrations-header@2x.png 1255w, https:\/\/www.tutorbird.com\/wp-content\/uploads\/2023\/11\/integrations-header@2x-300x191.png 300w, https:\/\/www.tutorbird.com\/wp-content\/uploads\/2023\/11\/integrations-header@2x-1024x654.png 1024w, https:\/\/www.tutorbird.com\/wp-content\/uploads\/2023\/11\/integrations-header@2x-768x490.png 768w\" sizes=\"auto, (max-width: 1255px) 100vw, 1255px\" \/><\/figure>\n\n<\/div><\/div><div data-aos=\"fade-up\" class=\"gb-container gb-container-b888acb6\"><div class=\"gb-inside-container\">\n\n<h2 class=\"text_background_color\"><span>D\u00e9verrouillez <\/span>l\u2019automatisation gr\u00e2ce \u00e0 l\u2019int\u00e9gration de tiers<\/h2>\n\n\n\n<p class=\"p-style\" style=\"font-size:18px\">TutorBird comprend un ensemble complet de fonctionnalit\u00e9s pour vous aider \u00e0 g\u00e9rer votre studio en toute simplicit\u00e9, mais il s&rsquo;int\u00e8gre \u00e9galement \u00e0 certaines applications tierces pour ajouter encore plus de fonctionnalit\u00e9s \u00e0 votre compte !<\/p>\n\n\n<div class=\"gb-container gb-container-ea636631\"><div class=\"gb-inside-container\">\n<div class=\"gb-button-wrapper gb-button-wrapper-a9809165\">\n\n<a class=\"gb-button gb-button-5b99cb9b gb-button-text yellow-button\" href=\"https:\/\/www.tutorbird.com\/fr\/rejoignez-gratuitement\/\">Essayez-le gratuitement d\u00e8s aujourd&rsquo;hui !<\/a>\n\n<\/div>\n<\/div><\/div>\n<\/div><\/div><div data-aos=\"fade-up\" class=\"gb-container gb-container-9d39c55b tablet-hide\"><div class=\"gb-inside-container\">\n\n<figure class=\"wp-block-image size-full\"><img loading=\"lazy\" decoding=\"async\" width=\"358\" height=\"295\" src=\"https:\/\/www.tutorbird.com\/wp-content\/uploads\/2023\/11\/dots-green.png\" alt=\"\" class=\"wp-image-64774\" srcset=\"https:\/\/www.tutorbird.com\/wp-content\/uploads\/2023\/11\/dots-green.png 358w, https:\/\/www.tutorbird.com\/wp-content\/uploads\/2023\/11\/dots-green-300x247.png 300w\" sizes=\"auto, (max-width: 358px) 100vw, 358px\" \/><\/figure>\n\n<\/div><\/div><div data-aos=\"fade-up\" class=\"gb-container gb-container-35492a31\"><div class=\"gb-inside-container\">\n<div class=\"gb-container gb-container-3df6ddd6\"><div class=\"gb-inside-container\">\n<div class=\"gb-grid-wrapper gb-grid-wrapper-c68aad39\">\n<div class=\"gb-grid-column gb-grid-column-2616041c\"><div class=\"gb-container gb-container-2616041c\"><div class=\"gb-inside-container\">\n\n<figure class=\"gb-block-image gb-block-image-b9491720\"><img loading=\"lazy\" decoding=\"async\" width=\"977\" height=\"901\" class=\"gb-image gb-image-b9491720\" src=\"https:\/\/www.tutorbird.com\/wp-content\/uploads\/2023\/11\/collect-online-payments@2x.png\" alt=\"\" title=\"collect-online-payments@2x\" srcset=\"https:\/\/www.tutorbird.com\/wp-content\/uploads\/2023\/11\/collect-online-payments@2x.png 977w, https:\/\/www.tutorbird.com\/wp-content\/uploads\/2023\/11\/collect-online-payments@2x-300x277.png 300w, https:\/\/www.tutorbird.com\/wp-content\/uploads\/2023\/11\/collect-online-payments@2x-768x708.png 768w\" sizes=\"auto, (max-width: 977px) 100vw, 977px\" \/><\/figure>\n\n<\/div><\/div><\/div>\n\n<div class=\"gb-grid-column gb-grid-column-9978af6f\"><div class=\"gb-container gb-container-9978af6f\"><div class=\"gb-inside-container\">\n\n<h2 class=\"wp-block-heading\">Collecter les paiements en ligne<\/h2>\n\n\n\n<p class=\"p-style\">TutorBird s&rsquo;int\u00e8gre parfaitement avec les processeurs de paiement s\u00e9curis\u00e9s Stripe et PayPal pour vous aider \u00e0 \u00eatre pay\u00e9 \u00e0 temps, \u00e0 chaque fois. Les familles peuvent payer en quelques clics ou simplifier encore plus le processus avec Auto Pay \u2013 gagnez des heures chaque mois ! <\/p>\n\n<\/div><\/div><\/div>\n<\/div>\n<\/div><\/div>\n<\/div><\/div><div data-aos=\"fade-up\" class=\"gb-container gb-container-fc84779d\"><div class=\"gb-inside-container\">\n<div class=\"gb-grid-wrapper gb-grid-wrapper-41a3c7f9\">\n<div class=\"gb-grid-column gb-grid-column-f227928b\"><div class=\"gb-container gb-container-f227928b\"><div class=\"gb-inside-container\">\n\n<figure class=\"gb-block-image gb-block-image-3fdfc3a5\"><img loading=\"lazy\" decoding=\"async\" width=\"1003\" height=\"811\" class=\"gb-image gb-image-3fdfc3a5 tablet-show\" src=\"https:\/\/www.tutorbird.com\/wp-content\/uploads\/2023\/11\/sync-your-calendar@2x.png\" alt=\"\" title=\"sync-your-calendar@2x\" srcset=\"https:\/\/www.tutorbird.com\/wp-content\/uploads\/2023\/11\/sync-your-calendar@2x.png 1003w, https:\/\/www.tutorbird.com\/wp-content\/uploads\/2023\/11\/sync-your-calendar@2x-300x243.png 300w, https:\/\/www.tutorbird.com\/wp-content\/uploads\/2023\/11\/sync-your-calendar@2x-768x621.png 768w\" sizes=\"auto, (max-width: 1003px) 100vw, 1003px\" \/><\/figure>\n\n\n\n<h2 class=\"wp-block-heading\">Synchronisez votre calendrier<\/h2>\n\n\n\n<p class=\"p-style\">TutorBird s\u2019int\u00e8gre \u00e0 Google Agenda, iCalendar et plus encore. Gr\u00e2ce \u00e0 la synchronisation bidirectionnelle, vos le\u00e7ons TutorBird s\u2019affichent dans votre agenda personnel, et vos \u00e9v\u00e9nements personnels apparaissent dans TutorBird pour \u00e9viter les doubles r\u00e9servations. <\/p>\n\n<\/div><\/div><\/div>\n\n<div class=\"gb-grid-column gb-grid-column-e605fe6f\"><div class=\"gb-container gb-container-e605fe6f\"><div class=\"gb-inside-container\">\n\n<figure class=\"gb-block-image gb-block-image-7b7741a8\"><img loading=\"lazy\" decoding=\"async\" width=\"1003\" height=\"811\" class=\"gb-image gb-image-7b7741a8 tablet-hide\" src=\"https:\/\/www.tutorbird.com\/wp-content\/uploads\/2023\/11\/sync-your-calendar@2x.png\" alt=\"\" title=\"sync-your-calendar@2x\" srcset=\"https:\/\/www.tutorbird.com\/wp-content\/uploads\/2023\/11\/sync-your-calendar@2x.png 1003w, https:\/\/www.tutorbird.com\/wp-content\/uploads\/2023\/11\/sync-your-calendar@2x-300x243.png 300w, https:\/\/www.tutorbird.com\/wp-content\/uploads\/2023\/11\/sync-your-calendar@2x-768x621.png 768w\" sizes=\"auto, (max-width: 1003px) 100vw, 1003px\" \/><\/figure>\n\n<\/div><\/div><\/div>\n<\/div>\n<\/div><\/div><div data-aos=\"fade-up\" class=\"gb-container gb-container-5e3e3f29 tablet-hide\"><div class=\"gb-inside-container\">\n<div class=\"gb-grid-wrapper gb-grid-wrapper-c66a1660\">\n<div class=\"gb-grid-column gb-grid-column-1ef5cce4\"><div class=\"gb-container gb-container-1ef5cce4\"><div class=\"gb-inside-container\"><\/div><\/div><\/div>\n\n<div class=\"gb-grid-column gb-grid-column-896ca1e7\"><div class=\"gb-container gb-container-896ca1e7\"><div class=\"gb-inside-container\">\n<div class=\"wp-block-image\">\n<figure class=\"alignright size-full\"><img loading=\"lazy\" decoding=\"async\" width=\"358\" height=\"296\" src=\"https:\/\/www.tutorbird.com\/wp-content\/uploads\/2023\/11\/dots-orange.png\" alt=\"\" class=\"wp-image-64778\" srcset=\"https:\/\/www.tutorbird.com\/wp-content\/uploads\/2023\/11\/dots-orange.png 358w, https:\/\/www.tutorbird.com\/wp-content\/uploads\/2023\/11\/dots-orange-300x248.png 300w\" sizes=\"auto, (max-width: 358px) 100vw, 358px\" \/><\/figure>\n<\/div>\n<\/div><\/div><\/div>\n<\/div>\n<\/div><\/div><div data-aos=\"fade-up\" class=\"gb-container gb-container-89b6df2e\"><div class=\"gb-inside-container\">\n<div class=\"gb-grid-wrapper gb-grid-wrapper-ec615136\">\n<div class=\"gb-grid-column gb-grid-column-66f481a0\"><div class=\"gb-container gb-container-66f481a0\"><div class=\"gb-inside-container\">\n\n<figure class=\"gb-block-image gb-block-image-5f0ce32a\"><img loading=\"lazy\" decoding=\"async\" width=\"663\" height=\"711\" class=\"gb-image gb-image-5f0ce32a\" src=\"https:\/\/www.tutorbird.com\/wp-content\/uploads\/2025\/04\/teach-lessons-online-v2@2x.png\" alt=\"\" title=\"teach-lessons-online-v2@2x\" srcset=\"https:\/\/www.tutorbird.com\/wp-content\/uploads\/2025\/04\/teach-lessons-online-v2@2x.png 663w, https:\/\/www.tutorbird.com\/wp-content\/uploads\/2025\/04\/teach-lessons-online-v2@2x-280x300.png 280w\" sizes=\"auto, (max-width: 663px) 100vw, 663px\" \/><\/figure>\n\n<\/div><\/div><\/div>\n\n<div class=\"gb-grid-column gb-grid-column-44911dd2\"><div class=\"gb-container gb-container-44911dd2\"><div class=\"gb-inside-container\">\n\n<h2 class=\"wp-block-heading\">Enseignez des le\u00e7ons en ligne<\/h2>\n\n\n\n<p class=\"p-style\">Vous pouvez enregistrer des noms d\u2019utilisateur FaceTime ou des liens de r\u00e9union virtuelle (comme un lien Zoom) pour rejoindre vos le\u00e7ons directement depuis le calendrier.<br>De plus, incluez automatiquement les liens de r\u00e9union dans les rappels de le\u00e7on pour que les \u00e9tudiants puissent rejoindre en un seul clic\u202f! <\/p>\n\n<\/div><\/div><\/div>\n<\/div>\n<\/div><\/div><div data-aos=\"fade-up\" class=\"gb-container gb-container-c42590d8\"><div class=\"gb-inside-container\">\n<div class=\"gb-grid-wrapper gb-grid-wrapper-d0be2a55\">\n<div class=\"gb-grid-column gb-grid-column-addde3ab\"><div class=\"gb-container gb-container-addde3ab\"><div class=\"gb-inside-container\">\n\n<figure class=\"gb-block-image gb-block-image-6fea1708\"><img loading=\"lazy\" decoding=\"async\" width=\"1055\" height=\"839\" class=\"gb-image gb-image-6fea1708 tablet-show\" src=\"https:\/\/www.tutorbird.com\/wp-content\/uploads\/2024\/04\/tb-lessonspace@2x.png\" alt=\"\" title=\"tb-lessonspace@2x\" srcset=\"https:\/\/www.tutorbird.com\/wp-content\/uploads\/2024\/04\/tb-lessonspace@2x.png 1055w, https:\/\/www.tutorbird.com\/wp-content\/uploads\/2024\/04\/tb-lessonspace@2x-300x239.png 300w, https:\/\/www.tutorbird.com\/wp-content\/uploads\/2024\/04\/tb-lessonspace@2x-1024x814.png 1024w, https:\/\/www.tutorbird.com\/wp-content\/uploads\/2024\/04\/tb-lessonspace@2x-768x611.png 768w\" sizes=\"auto, (max-width: 1055px) 100vw, 1055px\" \/><\/figure>\n\n\n\n<h2 class=\"wp-block-heading\">Liaison avec Lessonspace<\/h2>\n\n\n\n<p class=\"p-style\">Les tableaux blancs virtual de Lessonspace vous aident \u00e0 enseigner des cours virtuels captivants \u00e0 vos \u00e9tudiants. Dans TutorBird, ouvrez l&rsquo;espace directement depuis le page d\u2019accueil ou le calendrier pour y acc\u00e9der rapidement ! Nouveau sur Lessonspace ?   <a href=\"https:\/\/www.thelessonspace.com\/pricing?code=tutorbird\" target=\"_blank\" rel=\"noopener\">Apprenez-en plus ici.<\/a><\/p>\n\n<\/div><\/div><\/div>\n\n<div class=\"gb-grid-column gb-grid-column-ffa319be\"><div class=\"gb-container gb-container-ffa319be\"><div class=\"gb-inside-container\">\n\n<figure class=\"gb-block-image gb-block-image-35baac43\"><img loading=\"lazy\" decoding=\"async\" width=\"1055\" height=\"839\" class=\"gb-image gb-image-35baac43 tablet-hide\" src=\"https:\/\/www.tutorbird.com\/wp-content\/uploads\/2024\/04\/tb-lessonspace@2x.png\" alt=\"\" title=\"tb-lessonspace@2x\" srcset=\"https:\/\/www.tutorbird.com\/wp-content\/uploads\/2024\/04\/tb-lessonspace@2x.png 1055w, https:\/\/www.tutorbird.com\/wp-content\/uploads\/2024\/04\/tb-lessonspace@2x-300x239.png 300w, https:\/\/www.tutorbird.com\/wp-content\/uploads\/2024\/04\/tb-lessonspace@2x-1024x814.png 1024w, https:\/\/www.tutorbird.com\/wp-content\/uploads\/2024\/04\/tb-lessonspace@2x-768x611.png 768w\" sizes=\"auto, (max-width: 1055px) 100vw, 1055px\" \/><\/figure>\n\n<\/div><\/div><\/div>\n<\/div>\n<\/div><\/div><div data-aos=\"fade-up\" class=\"gb-container gb-container-66f61be0\"><div class=\"gb-inside-container\">\n<div class=\"gb-grid-wrapper gb-grid-wrapper-b1dd86a3\">\n<div class=\"gb-grid-column gb-grid-column-6e1012a6\"><div class=\"gb-container gb-container-6e1012a6\"><div class=\"gb-inside-container\">\n\n<figure class=\"gb-block-image gb-block-image-60ed3677\"><img loading=\"lazy\" decoding=\"async\" width=\"1027\" height=\"957\" class=\"gb-image gb-image-60ed3677\" src=\"https:\/\/www.tutorbird.com\/wp-content\/uploads\/2023\/11\/works-with-your-website@2x.png\" alt=\"\" title=\"works with your website@2x\" srcset=\"https:\/\/www.tutorbird.com\/wp-content\/uploads\/2023\/11\/works-with-your-website@2x.png 1027w, https:\/\/www.tutorbird.com\/wp-content\/uploads\/2023\/11\/works-with-your-website@2x-300x280.png 300w, https:\/\/www.tutorbird.com\/wp-content\/uploads\/2023\/11\/works-with-your-website@2x-1024x954.png 1024w, https:\/\/www.tutorbird.com\/wp-content\/uploads\/2023\/11\/works-with-your-website@2x-768x716.png 768w\" sizes=\"auto, (max-width: 1027px) 100vw, 1027px\" \/><\/figure>\n\n<\/div><\/div><\/div>\n\n<div class=\"gb-grid-column gb-grid-column-6d5f3f7d\"><div class=\"gb-container gb-container-6d5f3f7d\"><div class=\"gb-inside-container\">\n\n<h2 class=\"wp-block-heading\">Fonctionne avec votre site web<\/h2>\n\n\n\n<p class=\"p-style\">Vous avez un site web construit avec Wix, Squarespace, WordPress ou un autre constructeur ? Notre widget d&rsquo;inscription et le widget de connexion au portail \u00e9tudiant s&rsquo;int\u00e8grent parfaitement ! Collectez les informations des nouveaux \u00e9tudiants qui s&rsquo;ajoutent automatiquement \u00e0 votre compte TutorBird et offrez aux familles un endroit pour se connecter \u2013 sans quitter votre site.  <\/p>\n\n<\/div><\/div><\/div>\n<\/div>\n<\/div><\/div><div data-aos=\"fade-up\" class=\"gb-container gb-container-d4675ecd\"><div class=\"gb-inside-container\">\n<div class=\"gb-grid-wrapper gb-grid-wrapper-2ac84539\">\n<div class=\"gb-grid-column gb-grid-column-148d1f7f\"><div class=\"gb-container gb-container-148d1f7f\"><div class=\"gb-inside-container\">\n\n<figure class=\"gb-block-image gb-block-image-0b75741a\"><img loading=\"lazy\" decoding=\"async\" width=\"833\" height=\"653\" class=\"gb-image gb-image-0b75741a tablet-show\" src=\"https:\/\/www.tutorbird.com\/wp-content\/uploads\/2023\/11\/zap-to-your-apps@2x.png\" alt=\"\" title=\"zap to your apps@2x\" srcset=\"https:\/\/www.tutorbird.com\/wp-content\/uploads\/2023\/11\/zap-to-your-apps@2x.png 833w, https:\/\/www.tutorbird.com\/wp-content\/uploads\/2023\/11\/zap-to-your-apps@2x-300x235.png 300w, https:\/\/www.tutorbird.com\/wp-content\/uploads\/2023\/11\/zap-to-your-apps@2x-768x602.png 768w\" sizes=\"auto, (max-width: 833px) 100vw, 833px\" \/><\/figure>\n\n\n\n<h2 class=\"wp-block-heading\">Connectez-vous \u00e0 vos applications<\/h2>\n\n\n\n<p class=\"p-style\">Zapier est un service qui vous permet de connecter des applications entre elles et de cr\u00e9er des flux de travail personnalis\u00e9s. Avec des milliers d&rsquo;applications disponibles sur Zapier, vous pouvez cr\u00e9er des zaps entre TutorBird et vos autres applications pr\u00e9f\u00e9r\u00e9es pour automatiser encore plus votre studio !  <br\/><a href=\"https:\/\/www.tutorbird.com\/fr\/integration-zapier\/\">En savoir plus<\/a><\/p>\n\n<\/div><\/div><\/div>\n\n<div class=\"gb-grid-column gb-grid-column-fa0b8959\"><div class=\"gb-container gb-container-fa0b8959\"><div class=\"gb-inside-container\">\n\n<figure class=\"gb-block-image gb-block-image-7cbf8cc5\"><img loading=\"lazy\" decoding=\"async\" width=\"833\" height=\"653\" class=\"gb-image gb-image-7cbf8cc5 tablet-hide\" src=\"https:\/\/www.tutorbird.com\/wp-content\/uploads\/2023\/11\/zap-to-your-apps@2x.png\" alt=\"\" title=\"zap to your apps@2x\" srcset=\"https:\/\/www.tutorbird.com\/wp-content\/uploads\/2023\/11\/zap-to-your-apps@2x.png 833w, https:\/\/www.tutorbird.com\/wp-content\/uploads\/2023\/11\/zap-to-your-apps@2x-300x235.png 300w, https:\/\/www.tutorbird.com\/wp-content\/uploads\/2023\/11\/zap-to-your-apps@2x-768x602.png 768w\" sizes=\"auto, (max-width: 833px) 100vw, 833px\" \/><\/figure>\n\n<\/div><\/div><\/div>\n<\/div>\n<\/div><\/div><div data-aos=\"fade-up\" class=\"gb-container gb-container-8987f3db tablet-hide\"><div class=\"gb-inside-container\">\n\n<figure class=\"wp-block-image size-full\"><img loading=\"lazy\" decoding=\"async\" width=\"358\" height=\"295\" src=\"https:\/\/www.tutorbird.com\/wp-content\/uploads\/2023\/11\/dots-green.png\" alt=\"\" class=\"wp-image-64774\" srcset=\"https:\/\/www.tutorbird.com\/wp-content\/uploads\/2023\/11\/dots-green.png 358w, https:\/\/www.tutorbird.com\/wp-content\/uploads\/2023\/11\/dots-green-300x247.png 300w\" sizes=\"auto, (max-width: 358px) 100vw, 358px\" \/><\/figure>\n\n<\/div><\/div><div data-aos=\"fade-up\" class=\"gb-container gb-container-714abc69\"><div class=\"gb-inside-container\">\n<div class=\"gb-grid-wrapper gb-grid-wrapper-6344e4d7\">\n<div class=\"gb-grid-column gb-grid-column-a91aeed2\"><header class=\"gb-container gb-container-a91aeed2\"><div class=\"gb-inside-container\">\n\n<h2 class=\"text_background_color\">Commencez votre essai <span>GRATUIT de 30 JOURS<\/span><\/h2>\n\n\n\n<p class=\"credit-card\">Aucune carte de cr\u00e9dit requise<\/p>\n\n\n<div class=\"gb-container gb-container-84908788\"><div class=\"gb-inside-container\">\n<div class=\"gb-button-wrapper gb-button-wrapper-52c55dde\">\n\n<a class=\"gb-button gb-button-afc810a6 gb-button-text yellow-button\" href=\"https:\/\/www.tutorbird.com\/fr\/rejoignez-gratuitement\/\">Commencez d\u00e8s aujourd&rsquo;hui !<\/a>\n\n<\/div>\n<\/div><\/div>\n<\/div><\/header><\/div>\n<\/div>\n<\/div><\/div>","protected":false},"excerpt":{"rendered":"<p>Gestion des \u00e9tudiants Calendrier et pr\u00e9sences Factures et paiements Fonctionnalit\u00e9s d&rsquo;entreprise Gestion de l&rsquo;apprentissage Multi-Tuteur Portail \u00c9tudiant Int\u00e9grations Cr\u00e9ateur du site web Int\u00e9grations Connectez TutorBird &#8230; <\/p>\n<p class=\"read-more-container\"><a title=\"Int\u00e9grations\" class=\"read-more button\" href=\"https:\/\/www.tutorbird.com\/fr\/integrations\/#more-70163\" aria-label=\"En savoir plus sur Int\u00e9grations\">Read More<\/a><\/p>\n","protected":false},"author":6,"featured_media":69604,"parent":0,"menu_order":0,"comment_status":"closed","ping_status":"closed","template":"","meta":{"inline_featured_image":false,"footnotes":""},"class_list":["post-70163","page","type-page","status-publish","has-post-thumbnail"],"_links":{"self":[{"href":"https:\/\/www.tutorbird.com\/fr\/wp-json\/wp\/v2\/pages\/70163","targetHints":{"allow":["GET"]}}],"collection":[{"href":"https:\/\/www.tutorbird.com\/fr\/wp-json\/wp\/v2\/pages"}],"about":[{"href":"https:\/\/www.tutorbird.com\/fr\/wp-json\/wp\/v2\/types\/page"}],"author":[{"embeddable":true,"href":"https:\/\/www.tutorbird.com\/fr\/wp-json\/wp\/v2\/users\/6"}],"replies":[{"embeddable":true,"href":"https:\/\/www.tutorbird.com\/fr\/wp-json\/wp\/v2\/comments?post=70163"}],"version-history":[{"count":5,"href":"https:\/\/www.tutorbird.com\/fr\/wp-json\/wp\/v2\/pages\/70163\/revisions"}],"predecessor-version":[{"id":76286,"href":"https:\/\/www.tutorbird.com\/fr\/wp-json\/wp\/v2\/pages\/70163\/revisions\/76286"}],"wp:featuredmedia":[{"embeddable":true,"href":"https:\/\/www.tutorbird.com\/fr\/wp-json\/wp\/v2\/media\/69604"}],"wp:attachment":[{"href":"https:\/\/www.tutorbird.com\/fr\/wp-json\/wp\/v2\/media?parent=70163"}],"curies":[{"name":"wp","href":"https:\/\/api.w.org\/{rel}","templated":true}]}}