{"id":70168,"date":"2022-09-29T18:56:54","date_gmt":"2022-09-29T18:56:54","guid":{"rendered":"https:\/\/tutorbird23.dev.onpressidium.com\/factures-et-paiements\/"},"modified":"2024-10-09T20:23:07","modified_gmt":"2024-10-09T20:23:07","slug":"factures-et-paiements","status":"publish","type":"page","link":"https:\/\/www.tutorbird.com\/fr\/factures-et-paiements\/","title":{"rendered":"Factures et paiements"},"content":{"rendered":"<div class=\"gb-container gb-container-7aa6265c\"><div class=\"gb-inside-container\">\n<div class=\"gb-container gb-container-db3890d4 align-text-center-features\"><div class=\"gb-inside-container\">\n\n<div class=\"feature-menu-2\">\n<ul class=\"mob-menu\">\n \t<li class=\"features-menu\"><a href=\"https:\/\/www.tutorbird.com\/fr\/gestion-des-etudiants\/\">Gestion des \u00e9tudiants<\/a><\/li>\n \t<li class=\"features-menu\"><a href=\"https:\/\/www.tutorbird.com\/fr\/calendrier-et-presences\/\">Calendrier et pr\u00e9sences<\/a><\/li>\n \t<li class=\"current features-menu\"><a href=\"https:\/\/www.tutorbird.com\/fr\/factures-et-paiements\/\">Factures et paiements<\/a><\/li>\n \t<li class=\"features-menu\"><a href=\"https:\/\/www.tutorbird.com\/fr\/fonctionnalites-dentreprise\/\">Fonctionnalit\u00e9s d&rsquo;entreprise<\/a><\/li>\n \t<li class=\"features-menu\"><a href=\"https:\/\/www.tutorbird.com\/fr\/gestion-de-lapprentissage\/\">Gestion de l&rsquo;apprentissage<\/a><\/li>\n \t<li class=\"features-menu\"><a href=\"https:\/\/www.tutorbird.com\/fr\/multi-tuteur\/\">Multi-Tuteur<\/a><\/li>\n \t<li class=\"features-menu\"><a href=\"https:\/\/www.tutorbird.com\/fr\/portail-etudiant\/\">Portail \u00e9tudiant<\/a><\/li>\n        <li class=\"features-menu\"><a href=\"https:\/\/www.tutorbird.com\/fr\/integrations\/\">Int\u00e9grations<\/a><\/li>\n        <li class=\"last features-menu\"><a href=\"https:\/\/www.tutorbird.com\/fr\/createur-du-site-web\/\">Cr\u00e9ateur du site web<\/a><\/li>\n<\/ul>\n<\/div>\n\n<\/div><\/div>\n\n<div data-aos=\"fade\" class=\"gb-container gb-container-fc6371ee\"><div class=\"gb-inside-container\">\n\n<h1 class=\"wp-block-heading has-text-align-center feature-header has-contrast-color has-text-color\">Factures et paiements<\/h1>\n\n\n<div class=\"gb-container gb-container-033bdd0e\"><div class=\"gb-inside-container\">\n\n<p class=\"has-text-align-center feature-page-subheader has-medium-font-size\">Automatisez votre facturation et <strong>soyez pay\u00e9 \u00e0 temps<\/strong><\/p>\n\n<\/div><\/div>\n<\/div><\/div>\n<\/div><div class=\"gb-shapes\"><div class=\"gb-shape gb-shape-1\"><svg xmlns=\"http:\/\/www.w3.org\/2000\/svg\" viewBox=\"0 0 1200 137.6\" preserveAspectRatio=\"none\"><path d=\"M0 137.6h1200V21.9l-66.7 26.7c-66.7 26.7-200 80-333.3 66.7S533.3 21.9 400 4.2C266.7-13.9 133.3 31.1 66.7 53L0 75.3v62.3z\"\/><\/svg><\/div><\/div><\/div>\n\n<div data-aos=\"fade-up\" class=\"gb-container gb-container-e899c9b4\"><div class=\"gb-inside-container\">\n\n<figure class=\"gb-block-image gb-block-image-e6d5d8a7\"><img loading=\"lazy\" decoding=\"async\" width=\"1251\" height=\"799\" class=\"gb-image gb-image-e6d5d8a7\" src=\"https:\/\/www.tutorbird.com\/wp-content\/uploads\/2024\/10\/IP-Header-fr@2x.png\" alt=\"\" title=\"IP-Header-fr@2x\" srcset=\"https:\/\/www.tutorbird.com\/wp-content\/uploads\/2024\/10\/IP-Header-fr@2x.png 1251w, https:\/\/www.tutorbird.com\/wp-content\/uploads\/2024\/10\/IP-Header-fr@2x-300x192.png 300w, https:\/\/www.tutorbird.com\/wp-content\/uploads\/2024\/10\/IP-Header-fr@2x-1024x654.png 1024w, https:\/\/www.tutorbird.com\/wp-content\/uploads\/2024\/10\/IP-Header-fr@2x-768x491.png 768w\" sizes=\"auto, (max-width: 1251px) 100vw, 1251px\" \/><\/figure>\n\n<\/div><\/div>\n\n<div data-aos=\"fade-up\" class=\"gb-container gb-container-b888acb6\"><div class=\"gb-inside-container\">\n\n<h2 class=\"text_background_color\"><span>Soyez pay\u00e9<\/span> \u00e0 temps<\/h2>\n\n\n\n<p class=\"p-style\" style=\"font-size:18px\">Vous n&rsquo;avez pas besoin d&rsquo;un dipl\u00f4me en comptabilit\u00e9 pour g\u00e9rer votre facturation et vos paiements. Avec la facturation bas\u00e9e sur le calendrier, il vous suffit de programmer les le\u00e7ons et de prendre les pr\u00e9sences\u2013 TutorBird fait les calculs pour vous ! <\/p>\n\n\n<div class=\"gb-container gb-container-ea636631\"><div class=\"gb-inside-container\">\n<div class=\"gb-button-wrapper gb-button-wrapper-a9809165\">\n\n<a class=\"gb-button gb-button-5b99cb9b gb-button-text yellow-button\" href=\"https:\/\/www.tutorbird.com\/fr\/rejoignez-gratuitement\/\">Essayez-le gratuitement d\u00e8s aujourd&rsquo;hui !<\/a>\n\n<\/div>\n<\/div><\/div>\n<\/div><\/div>\n\n<div data-aos=\"fade-up\" class=\"gb-container gb-container-9d39c55b tablet-hide\"><div class=\"gb-inside-container\">\n\n<figure class=\"wp-block-image size-full\"><img loading=\"lazy\" decoding=\"async\" width=\"358\" height=\"295\" src=\"https:\/\/www.tutorbird.com\/wp-content\/uploads\/2023\/11\/dots-green.png\" alt=\"\" class=\"wp-image-64774\" srcset=\"https:\/\/www.tutorbird.com\/wp-content\/uploads\/2023\/11\/dots-green.png 358w, https:\/\/www.tutorbird.com\/wp-content\/uploads\/2023\/11\/dots-green-300x247.png 300w\" sizes=\"auto, (max-width: 358px) 100vw, 358px\" \/><\/figure>\n\n<\/div><\/div>\n\n<div data-aos=\"fade-up\" class=\"gb-container gb-container-d07d7ad8\"><div class=\"gb-inside-container\">\n<style>.kt-blocks-testimonials-wrap70168_f82405-b4 .kt-svg-testimonial-global-icon{font-size:30px;}.kt-blocks-testimonials-wrap70168_f82405-b4 .kt-testimonial-rating-wrap .kb-svg-icon-wrap{color:#ffd700;font-size:16px;}.kt-blocks-testimonials-wrap70168_f82405-b4 .kt-testimonial-grid-wrap{gap:30px;}.kt-blocks-testimonials-wrap70168_f82405-b4 .kt-testimonial-item-wrap{padding-top:20px;padding-right:20px;padding-bottom:20px;padding-left:20px;}.kt-blocks-testimonials-wrap70168_f82405-b4 .kt-testimonial-content{color:var(--contrast-3);font-size:19px;line-height:43px;font-family:Poppins;font-style:normal;font-weight:300;}.kt-blocks-testimonials-wrap70168_f82405-b4 .kt-testimonial-name{color:rgba(51,204,204,0.6);font-size:20px;font-weight:bold;}.kt-blocks-testimonials-wrap70168_f82405-b4 .kt-testimonial-occupation{color:var(--contrast-3);font-size:13px;}.kt-blocks-testimonials-wrap70168_f82405-b4 .kt-testimonial-item-wrap{max-width:1000px;}@media all and (max-width: 767px){.kt-blocks-testimonials-wrap70168_f82405-b4{padding-top:px;padding-bottom:px;margin-top:px;margin-bottom:px;}}<\/style><div class=\"kt-blocks-testimonials-wrap70168_f82405-b4 kt-testimonial-halign-center kt-testimonial-style-basic kt-testimonials-media-off kt-testimonials-icon-off kt-testimonial-columns-1 kt-t-xxl-col-1 kt-t-xl-col-1 kt-t-lg-col-1 kt-t-md-col-1 kt-t-sm-col-1 kt-t-xs-col-1 wp-block-kadence-testimonials\"><ul class=\"kt-blocks-testimonials-inner-wrap kt-testimonial-grid-wrap\">\n<li class=\"kt-testimonial-grid-item\"><div class=\"kt-testimonial-item-wrap kt-testimonial-item-70168_a9859e-3c wp-block-kadence-testimonial\"><div class=\"kt-testimonial-text-wrap\"><div class=\"kt-testimonial-content-wrap\"><blockquote class=\"kt-testimonial-content\"><em>\u00ab Depuis que j&rsquo;ai rejoint TutorBird, mes factures sont toutes calcul\u00e9es automatiquement, envoy\u00e9es \u00e0 temps et, plus important encore, elles sont pay\u00e9es rapidement. Je n&rsquo;ai plus besoin de courir apr\u00e8s les clients pour les paiements chaque mois. Ma productivit\u00e9 accrue fait que TutorBird se rembourse largement. \u00bb<\/em><\/blockquote><\/div><\/div><div class=\"kt-testimonial-meta-wrap\"><div class=\"kt-testimonial-meta-name-wrap\"><div class=\"kt-testimonial-name-wrap\"><div class=\"kt-testimonial-name\">&#8211; Helen J.<\/div><\/div><\/div><\/div><\/div><\/li>\n<\/ul><\/div>\n<\/div><\/div>\n\n<div data-aos=\"fade-up\" class=\"gb-container gb-container-35492a31\"><div class=\"gb-inside-container\">\n<div class=\"gb-container gb-container-3df6ddd6\"><div class=\"gb-inside-container\">\n<div class=\"gb-grid-wrapper gb-grid-wrapper-c68aad39\">\n<div class=\"gb-grid-column gb-grid-column-2616041c\"><div class=\"gb-container gb-container-2616041c\"><div class=\"gb-inside-container\">\n\n<figure class=\"gb-block-image gb-block-image-b9491720\"><img loading=\"lazy\" decoding=\"async\" width=\"903\" height=\"787\" class=\"gb-image gb-image-b9491720\" src=\"https:\/\/www.tutorbird.com\/wp-content\/uploads\/2024\/10\/IP-custom-billing-fr@2x.png\" alt=\"\" title=\"IP-custom-billing-fr@2x\" srcset=\"https:\/\/www.tutorbird.com\/wp-content\/uploads\/2024\/10\/IP-custom-billing-fr@2x.png 903w, https:\/\/www.tutorbird.com\/wp-content\/uploads\/2024\/10\/IP-custom-billing-fr@2x-300x261.png 300w, https:\/\/www.tutorbird.com\/wp-content\/uploads\/2024\/10\/IP-custom-billing-fr@2x-768x669.png 768w\" sizes=\"auto, (max-width: 903px) 100vw, 903px\" \/><\/figure>\n\n<\/div><\/div><\/div>\n\n<div class=\"gb-grid-column gb-grid-column-9978af6f\"><div class=\"gb-container gb-container-9978af6f\"><div class=\"gb-inside-container\">\n\n<h2 class=\"wp-block-heading\">Personnalisez votre facturation<\/h2>\n\n\n\n<p class=\"p-style\">Configurez des profils de facturation uniques pour chaque \u00e9tudiant avec les fonctionnalit\u00e9s de facturation flexibles de TutorBird. Choisissez entre une facturation par le\u00e7on, des tarifs mensuels ou une facturation \u00e0 l\u2019heure . Les \u00e9tudiants prennent des le\u00e7ons avec plus d&rsquo;un tuteur ? Pas de probl\u00e8me ! Chaque relation de facturation entre l\u2019\u00e9tudiant et le tuteur peut \u00eatre diff\u00e9rente.    <\/p>\n\n<\/div><\/div><\/div>\n<\/div>\n<\/div><\/div>\n<\/div><\/div>\n\n<div data-aos=\"fade-up\" class=\"gb-container gb-container-fc84779d\"><div class=\"gb-inside-container\">\n<div class=\"gb-grid-wrapper gb-grid-wrapper-41a3c7f9\">\n<div class=\"gb-grid-column gb-grid-column-f227928b\"><div class=\"gb-container gb-container-f227928b\"><div class=\"gb-inside-container\">\n\n<figure class=\"gb-block-image gb-block-image-3fdfc3a5\"><img loading=\"lazy\" decoding=\"async\" width=\"965\" height=\"821\" class=\"gb-image gb-image-3fdfc3a5 tablet-show\" src=\"https:\/\/www.tutorbird.com\/wp-content\/uploads\/2024\/10\/IP-invoice-schedule-fr@2x.png\" alt=\"\" title=\"IP-invoice-schedule-fr@2x\" srcset=\"https:\/\/www.tutorbird.com\/wp-content\/uploads\/2024\/10\/IP-invoice-schedule-fr@2x.png 965w, https:\/\/www.tutorbird.com\/wp-content\/uploads\/2024\/10\/IP-invoice-schedule-fr@2x-300x255.png 300w, https:\/\/www.tutorbird.com\/wp-content\/uploads\/2024\/10\/IP-invoice-schedule-fr@2x-768x653.png 768w\" sizes=\"auto, (max-width: 965px) 100vw, 965px\" \/><\/figure>\n\n\n\n<h2 class=\"wp-block-heading\">Facturez selon votre emploi du temps<\/h2>\n\n\n\n<p class=\"p-style\">Personnalisez votre calendrier de facturation en fonction des besoins de votre entreprise. Que vous facturiez par le\u00e7on, semestre, semaine, mois ou ann\u00e9e, TutorBird s\u2019occupe de tout. Chaque famille peut \u00eatre configur\u00e9e diff\u00e9remment \u2013 votre facturation, \u00e0 votre mani\u00e8re  <\/p>\n\n<\/div><\/div><\/div>\n\n<div class=\"gb-grid-column gb-grid-column-e605fe6f\"><div class=\"gb-container gb-container-e605fe6f\"><div class=\"gb-inside-container\">\n\n<figure class=\"gb-block-image gb-block-image-7b7741a8\"><img loading=\"lazy\" decoding=\"async\" width=\"965\" height=\"821\" class=\"gb-image gb-image-7b7741a8 tablet-hide\" src=\"https:\/\/www.tutorbird.com\/wp-content\/uploads\/2024\/10\/IP-invoice-schedule-fr@2x.png\" alt=\"\" title=\"IP-invoice-schedule-fr@2x\" srcset=\"https:\/\/www.tutorbird.com\/wp-content\/uploads\/2024\/10\/IP-invoice-schedule-fr@2x.png 965w, https:\/\/www.tutorbird.com\/wp-content\/uploads\/2024\/10\/IP-invoice-schedule-fr@2x-300x255.png 300w, https:\/\/www.tutorbird.com\/wp-content\/uploads\/2024\/10\/IP-invoice-schedule-fr@2x-768x653.png 768w\" sizes=\"auto, (max-width: 965px) 100vw, 965px\" \/><\/figure>\n\n<\/div><\/div><\/div>\n<\/div>\n<\/div><\/div>\n\n<div data-aos=\"fade-up\" class=\"gb-container gb-container-5e3e3f29 tablet-hide\"><div class=\"gb-inside-container\">\n<div class=\"gb-grid-wrapper gb-grid-wrapper-c66a1660\">\n<div class=\"gb-grid-column gb-grid-column-1ef5cce4\"><div class=\"gb-container gb-container-1ef5cce4\"><div class=\"gb-inside-container\"><\/div><\/div><\/div>\n\n<div class=\"gb-grid-column gb-grid-column-896ca1e7\"><div class=\"gb-container gb-container-896ca1e7\"><div class=\"gb-inside-container\">\n<div class=\"wp-block-image\">\n<figure class=\"alignright size-full\"><img loading=\"lazy\" decoding=\"async\" width=\"358\" height=\"296\" src=\"https:\/\/www.tutorbird.com\/wp-content\/uploads\/2023\/11\/dots-orange.png\" alt=\"\" class=\"wp-image-64778\" srcset=\"https:\/\/www.tutorbird.com\/wp-content\/uploads\/2023\/11\/dots-orange.png 358w, https:\/\/www.tutorbird.com\/wp-content\/uploads\/2023\/11\/dots-orange-300x248.png 300w\" sizes=\"auto, (max-width: 358px) 100vw, 358px\" \/><\/figure>\n<\/div>\n<\/div><\/div><\/div>\n<\/div>\n<\/div><\/div>\n\n<div data-aos=\"fade-up\" class=\"gb-container gb-container-89b6df2e\"><div class=\"gb-inside-container\">\n<div class=\"gb-grid-wrapper gb-grid-wrapper-ec615136\">\n<div class=\"gb-grid-column gb-grid-column-66f481a0\"><div class=\"gb-container gb-container-66f481a0\"><div class=\"gb-inside-container\">\n\n<figure class=\"gb-block-image gb-block-image-5f0ce32a\"><img loading=\"lazy\" decoding=\"async\" width=\"999\" height=\"919\" class=\"gb-image gb-image-5f0ce32a\" src=\"https:\/\/www.tutorbird.com\/wp-content\/uploads\/2024\/10\/IP-accounting-fr@2x.png\" alt=\"\" title=\"IP-accounting-fr@2x\" srcset=\"https:\/\/www.tutorbird.com\/wp-content\/uploads\/2024\/10\/IP-accounting-fr@2x.png 999w, https:\/\/www.tutorbird.com\/wp-content\/uploads\/2024\/10\/IP-accounting-fr@2x-300x276.png 300w, https:\/\/www.tutorbird.com\/wp-content\/uploads\/2024\/10\/IP-accounting-fr@2x-768x706.png 768w\" sizes=\"auto, (max-width: 999px) 100vw, 999px\" \/><\/figure>\n\n<\/div><\/div><\/div>\n\n<div class=\"gb-grid-column gb-grid-column-44911dd2\"><div class=\"gb-container gb-container-44911dd2\"><div class=\"gb-inside-container\">\n\n<h2 class=\"wp-block-heading\">Comptabilit\u00e9 simplifi\u00e9e<\/h2>\n\n\n\n<p class=\"p-style\">Les frais de le\u00e7on sont d\u00e9j\u00e0 calcul\u00e9s pour vous, mais si vous devez facturer des livres ? Aucun probl\u00e8me. Ajouter une r\u00e9duction pour les fr\u00e8res et s\u0153urs ? Un jeu d\u2019enfant.<br>L\u2019enregistrement des frais, des remises, des paiements et des remboursements se fait en quelques clics !    <\/p>\n\n<\/div><\/div><\/div>\n<\/div>\n<\/div><\/div>\n\n<div data-aos=\"fade-up\" class=\"gb-container gb-container-66f61be0\"><div class=\"gb-inside-container\">\n<div class=\"gb-grid-wrapper gb-grid-wrapper-b1dd86a3\">\n<div class=\"gb-grid-column gb-grid-column-6d5f3f7d\"><div class=\"gb-container gb-container-6d5f3f7d\"><div class=\"gb-inside-container\">\n\n<figure class=\"gb-block-image gb-block-image-b7bc2a71\"><img loading=\"lazy\" decoding=\"async\" width=\"1017\" height=\"942\" class=\"gb-image gb-image-b7bc2a71 tablet-show\" src=\"https:\/\/www.tutorbird.com\/wp-content\/uploads\/2024\/10\/IP-payments-fr@2x.png\" alt=\"\" title=\"IP-payments-fr@2x\" srcset=\"https:\/\/www.tutorbird.com\/wp-content\/uploads\/2024\/10\/IP-payments-fr@2x.png 1017w, https:\/\/www.tutorbird.com\/wp-content\/uploads\/2024\/10\/IP-payments-fr@2x-300x278.png 300w, https:\/\/www.tutorbird.com\/wp-content\/uploads\/2024\/10\/IP-payments-fr@2x-768x711.png 768w\" sizes=\"auto, (max-width: 1017px) 100vw, 1017px\" \/><\/figure>\n\n\n\n<h2 class=\"wp-block-heading\">Acceptez les paiements en ligne<\/h2>\n\n\n\n<p class=\"p-style\">Plus besoin d&rsquo;aller \u00e0 la banque pour d\u00e9poser de l&rsquo;argent liquide ou d&rsquo;attendre que les ch\u00e8ques soient encaiss\u00e9s TutorBird s&rsquo;int\u00e8gre avec les processeurs de paiement de confiance Stripe et PayPal pour rendre les paiements en ligne. Connectez votre compte Stripe ou PayPal pour commencer \u00e0 accepter les paiements par Visa, Mastercard, Amex, ACH (\u00c9tats-Unis uniquement) et Bacs (Royaume-Uni uniquement).  <\/p>\n\n<\/div><\/div><\/div>\n\n<div class=\"gb-grid-column gb-grid-column-6e1012a6\"><div class=\"gb-container gb-container-6e1012a6\"><div class=\"gb-inside-container\">\n\n<figure class=\"gb-block-image gb-block-image-60ed3677\"><img loading=\"lazy\" decoding=\"async\" width=\"1017\" height=\"942\" class=\"gb-image gb-image-60ed3677 tablet-hide\" src=\"https:\/\/www.tutorbird.com\/wp-content\/uploads\/2024\/10\/IP-payments-fr@2x.png\" alt=\"\" title=\"IP-payments-fr@2x\" srcset=\"https:\/\/www.tutorbird.com\/wp-content\/uploads\/2024\/10\/IP-payments-fr@2x.png 1017w, https:\/\/www.tutorbird.com\/wp-content\/uploads\/2024\/10\/IP-payments-fr@2x-300x278.png 300w, https:\/\/www.tutorbird.com\/wp-content\/uploads\/2024\/10\/IP-payments-fr@2x-768x711.png 768w\" sizes=\"auto, (max-width: 1017px) 100vw, 1017px\" \/><\/figure>\n\n<\/div><\/div><\/div>\n<\/div>\n<\/div><\/div>\n\n<div data-aos=\"fade-up\" class=\"gb-container gb-container-d4675ecd\"><div class=\"gb-inside-container\">\n<div class=\"gb-grid-wrapper gb-grid-wrapper-2ac84539\">\n<div class=\"gb-grid-column gb-grid-column-fa0b8959\"><div class=\"gb-container gb-container-fa0b8959\"><div class=\"gb-inside-container\">\n\n<figure class=\"gb-block-image gb-block-image-7cbf8cc5\"><img loading=\"lazy\" decoding=\"async\" width=\"835\" height=\"797\" class=\"gb-image gb-image-7cbf8cc5\" src=\"https:\/\/www.tutorbird.com\/wp-content\/uploads\/2024\/10\/IP-Automate-fr@2x.png\" alt=\"\" title=\"IP-Automate-fr@2x\" srcset=\"https:\/\/www.tutorbird.com\/wp-content\/uploads\/2024\/10\/IP-Automate-fr@2x.png 835w, https:\/\/www.tutorbird.com\/wp-content\/uploads\/2024\/10\/IP-Automate-fr@2x-300x286.png 300w, https:\/\/www.tutorbird.com\/wp-content\/uploads\/2024\/10\/IP-Automate-fr@2x-768x733.png 768w\" sizes=\"auto, (max-width: 835px) 100vw, 835px\" \/><\/figure>\n\n<\/div><\/div><\/div>\n\n<div class=\"gb-grid-column gb-grid-column-148d1f7f\"><div class=\"gb-container gb-container-148d1f7f\"><div class=\"gb-inside-container\">\n\n<h2 class=\"wp-block-heading\">Automatisez-le<\/h2>\n\n\n\n<p class=\"p-style\">Arr\u00eatez de courir apr\u00e8s les paiements ! Envoyez automatiquement des rappels de factures et ajoutez des frais de retard pour \u00e9viter les conversations g\u00eanantes sur les paiements en retard. Allez plus loin \u2013 g\u00e9n\u00e9rez automatiquement des factures et configurez le paiement automatique pour \u00eatre pay\u00e9 \u00e0 temps \u00e0 chaque fois.  <\/p>\n\n<\/div><\/div><\/div>\n<\/div>\n<\/div><\/div>\n\n<div data-aos=\"fade-up\" class=\"gb-container gb-container-8987f3db tablet-hide\"><div class=\"gb-inside-container\">\n\n<figure class=\"wp-block-image size-full\"><img loading=\"lazy\" decoding=\"async\" width=\"358\" height=\"295\" src=\"https:\/\/www.tutorbird.com\/wp-content\/uploads\/2023\/11\/dots-green.png\" alt=\"\" class=\"wp-image-64774\" srcset=\"https:\/\/www.tutorbird.com\/wp-content\/uploads\/2023\/11\/dots-green.png 358w, https:\/\/www.tutorbird.com\/wp-content\/uploads\/2023\/11\/dots-green-300x247.png 300w\" sizes=\"auto, (max-width: 358px) 100vw, 358px\" \/><\/figure>\n\n<\/div><\/div>\n\n<div data-aos=\"fade-up\" class=\"gb-container gb-container-714abc69\"><div class=\"gb-inside-container\">\n<div class=\"gb-grid-wrapper gb-grid-wrapper-6344e4d7\">\n<div class=\"gb-grid-column gb-grid-column-a91aeed2\"><header class=\"gb-container gb-container-a91aeed2\"><div class=\"gb-inside-container\">\n\n<h2 class=\"text_background_color\">Commencez votre essai <span>GRATUIT<\/span> de <span>30 JOURS<\/span> maintenant<\/h2>\n\n\n\n<p class=\"credit-card\">Aucune carte de cr\u00e9dit requise<\/p>\n\n\n<div class=\"gb-container gb-container-84908788\"><div class=\"gb-inside-container\">\n<div class=\"gb-button-wrapper gb-button-wrapper-52c55dde\">\n\n<a class=\"gb-button gb-button-afc810a6 gb-button-text yellow-button\" href=\"https:\/\/www.tutorbird.com\/fr\/rejoignez-gratuitement\/\">Commencez d\u00e8s aujourd&rsquo;hui !<\/a>\n\n<\/div>\n<\/div><\/div>\n<\/div><\/header><\/div>\n<\/div>\n<\/div><\/div>","protected":false},"excerpt":{"rendered":"<p>Gestion des \u00e9tudiants Calendrier et pr\u00e9sences Factures et paiements Fonctionnalit\u00e9s d&rsquo;entreprise Gestion de l&rsquo;apprentissage Multi-Tuteur Portail \u00e9tudiant Int\u00e9grations Cr\u00e9ateur du site web Factures et paiements Automatisez votre facturation et soyez pay\u00e9 \u00e0 temps Soyez pay\u00e9 \u00e0 temps Vous n&rsquo;avez pas besoin d&rsquo;un dipl\u00f4me en comptabilit\u00e9 pour g\u00e9rer votre facturation et &#8230; <\/p>\n<p class=\"read-more-container\"><a title=\"Factures et paiements\" class=\"read-more button\" href=\"https:\/\/www.tutorbird.com\/fr\/factures-et-paiements\/#more-70168\" aria-label=\"En savoir plus sur Factures et paiements\">Read More<\/a><\/p>\n","protected":false},"author":6,"featured_media":0,"parent":0,"menu_order":0,"comment_status":"closed","ping_status":"closed","template":"","meta":{"inline_featured_image":false,"footnotes":""},"class_list":{"0":"post-70168","1":"page","2":"type-page","3":"status-publish","5":"no-featured-image-padding"},"_links":{"self":[{"href":"https:\/\/www.tutorbird.com\/fr\/wp-json\/wp\/v2\/pages\/70168","targetHints":{"allow":["GET"]}}],"collection":[{"href":"https:\/\/www.tutorbird.com\/fr\/wp-json\/wp\/v2\/pages"}],"about":[{"href":"https:\/\/www.tutorbird.com\/fr\/wp-json\/wp\/v2\/types\/page"}],"author":[{"embeddable":true,"href":"https:\/\/www.tutorbird.com\/fr\/wp-json\/wp\/v2\/users\/6"}],"replies":[{"embeddable":true,"href":"https:\/\/www.tutorbird.com\/fr\/wp-json\/wp\/v2\/comments?post=70168"}],"version-history":[{"count":3,"href":"https:\/\/www.tutorbird.com\/fr\/wp-json\/wp\/v2\/pages\/70168\/revisions"}],"predecessor-version":[{"id":70775,"href":"https:\/\/www.tutorbird.com\/fr\/wp-json\/wp\/v2\/pages\/70168\/revisions\/70775"}],"wp:attachment":[{"href":"https:\/\/www.tutorbird.com\/fr\/wp-json\/wp\/v2\/media?parent=70168"}],"curies":[{"name":"wp","href":"https:\/\/api.w.org\/{rel}","templated":true}]}}