{"id":70174,"date":"2022-09-30T14:01:29","date_gmt":"2022-09-30T14:01:29","guid":{"rendered":"https:\/\/tutorbird23.dev.onpressidium.com\/multi-tuteur\/"},"modified":"2024-10-10T15:26:46","modified_gmt":"2024-10-10T15:26:46","slug":"multi-tuteur","status":"publish","type":"page","link":"https:\/\/www.tutorbird.com\/fr\/multi-tuteur\/","title":{"rendered":"Multi-Tuteur"},"content":{"rendered":"<div class=\"gb-container gb-container-7aa6265c\"><div class=\"gb-inside-container\">\n<div class=\"gb-container gb-container-db3890d4 align-text-center-features\"><div class=\"gb-inside-container\">\n\n<div class=\"feature-menu-2\">\n<ul class=\"mob-menu\">\n \t<li class=\"features-menu\"><a href=\"https:\/\/www.tutorbird.com\/fr\/gestion-des-etudiants\/\">Gestion des \u00e9tudiants<\/a><\/li>\n \t<li class=\"features-menu\"><a href=\"https:\/\/www.tutorbird.com\/fr\/calendrier-et-presences\/\">Calendrier et pr\u00e9sences<\/a><\/li>\n \t<li class=\"features-menu\"><a href=\"https:\/\/www.tutorbird.com\/fr\/factures-et-paiements\/\">Factures et paiements<\/a><\/li>\n \t<li class=\"features-menu\"><a href=\"https:\/\/www.tutorbird.com\/fr\/fonctionnalites-dentreprise\/\">Fonctionnalit\u00e9s d&rsquo;entreprise<\/a><\/li>\n \t<li class=\"features-menu\"><a href=\"https:\/\/www.tutorbird.com\/fr\/gestion-de-lapprentissage\/\">Gestion de l&rsquo;apprentissage<\/a><\/li>\n \t<li class=\"current features-menu\"><a href=\"https:\/\/www.tutorbird.com\/fr\/multi-tuteur\/\">Multi-Tuteur<\/a><\/li>\n \t<li class=\"features-menu\"><a href=\"https:\/\/www.tutorbird.com\/fr\/portail-etudiant\/\">Portail \u00e9tudiant<\/a><\/li>\n        <li class=\"features-menu\"><a href=\"https:\/\/www.tutorbird.com\/fr\/integrations\/\">Int\u00e9grations<\/a><\/li>\n        <li class=\"last features-menu\"><a href=\"https:\/\/www.tutorbird.com\/fr\/createur-du-site-web\/\">Cr\u00e9ateur du site web<\/a><\/li>\n<\/ul>\n<\/div>\n\n<\/div><\/div>\n\n<div data-aos=\"fade-up\" class=\"gb-container gb-container-fc6371ee\"><div class=\"gb-inside-container\">\n\n<h1 class=\"wp-block-heading has-text-align-center feature-header has-contrast-color has-text-color\">Multi-Tuteur<\/h1>\n\n\n<div class=\"gb-container gb-container-033bdd0e\"><div class=\"gb-inside-container\">\n\n<p class=\"has-text-align-center feature-page-subheader has-medium-font-size\">Ajoutez des tuteurs et des membres du personnel, g\u00e9rez leurs acc\u00e8s et calculez les salaires.<\/p>\n\n<\/div><\/div>\n<\/div><\/div>\n<\/div><div class=\"gb-shapes\"><div class=\"gb-shape gb-shape-1\"><svg xmlns=\"http:\/\/www.w3.org\/2000\/svg\" viewBox=\"0 0 1200 137.6\" preserveAspectRatio=\"none\"><path d=\"M0 137.6h1200V21.9l-66.7 26.7c-66.7 26.7-200 80-333.3 66.7S533.3 21.9 400 4.2C266.7-13.9 133.3 31.1 66.7 53L0 75.3v62.3z\"\/><\/svg><\/div><\/div><\/div>\n\n<div data-aos=\"fade-up\" class=\"gb-container gb-container-e899c9b4\"><div class=\"gb-inside-container\">\n\n<figure class=\"gb-block-image gb-block-image-e6d5d8a7\"><img loading=\"lazy\" decoding=\"async\" width=\"1355\" height=\"821\" class=\"gb-image gb-image-e6d5d8a7\" src=\"https:\/\/www.tutorbird.com\/wp-content\/uploads\/2024\/10\/MT-Header-fr@2x.png\" alt=\"\" title=\"MT-Header-fr@2x\" srcset=\"https:\/\/www.tutorbird.com\/wp-content\/uploads\/2024\/10\/MT-Header-fr@2x.png 1355w, https:\/\/www.tutorbird.com\/wp-content\/uploads\/2024\/10\/MT-Header-fr@2x-300x182.png 300w, https:\/\/www.tutorbird.com\/wp-content\/uploads\/2024\/10\/MT-Header-fr@2x-1024x620.png 1024w, https:\/\/www.tutorbird.com\/wp-content\/uploads\/2024\/10\/MT-Header-fr@2x-768x465.png 768w\" sizes=\"auto, (max-width: 1355px) 100vw, 1355px\" \/><\/figure>\n\n<\/div><\/div>\n\n<div data-aos=\"fade-up\" class=\"gb-container gb-container-b888acb6\"><div class=\"gb-inside-container\">\n\n<h2 class=\"text_background_color\">D\u00e9veloppez votre studio <span>en toute simplicit\u00e9<\/span><\/h2>\n\n\n\n<p class=\"p-style\" style=\"font-size:18px\">Les fonctionnalit\u00e9s int\u00e9gr\u00e9es multi-tuteur et une structure tarifaire simple rendent la croissance de votre entreprise ! G\u00e9rez les autorisations des tuteurs, calculez les salaires et plus encore. <\/p>\n\n\n<div class=\"gb-container gb-container-ea636631\"><div class=\"gb-inside-container\">\n<div class=\"gb-button-wrapper gb-button-wrapper-a9809165\">\n\n<a class=\"gb-button gb-button-5b99cb9b gb-button-text yellow-button\" href=\"https:\/\/www.tutorbird.com\/fr\/rejoignez-gratuitement\/\">Essayez-le gratuitement d\u00e8s aujourd&rsquo;hui !<\/a>\n\n<\/div>\n<\/div><\/div>\n<\/div><\/div>\n\n<div data-aos=\"fade-up\" class=\"gb-container gb-container-9d39c55b tablet-hide\"><div class=\"gb-inside-container\">\n\n<figure class=\"wp-block-image size-full\"><img loading=\"lazy\" decoding=\"async\" width=\"358\" height=\"295\" src=\"https:\/\/www.tutorbird.com\/wp-content\/uploads\/2023\/11\/dots-green.png\" alt=\"\" class=\"wp-image-64774\" srcset=\"https:\/\/www.tutorbird.com\/wp-content\/uploads\/2023\/11\/dots-green.png 358w, https:\/\/www.tutorbird.com\/wp-content\/uploads\/2023\/11\/dots-green-300x247.png 300w\" sizes=\"auto, (max-width: 358px) 100vw, 358px\" \/><\/figure>\n\n<\/div><\/div>\n\n<div data-aos=\"fade-up\" class=\"gb-container gb-container-d07d7ad8\"><div class=\"gb-inside-container\">\n<style>.kt-blocks-testimonials-wrap70174_470660-23 .kt-svg-testimonial-global-icon{font-size:30px;}.kt-blocks-testimonials-wrap70174_470660-23 .kt-testimonial-rating-wrap .kb-svg-icon-wrap{color:#ffd700;font-size:16px;}.kt-blocks-testimonials-wrap70174_470660-23 .kt-testimonial-grid-wrap{gap:30px;}.kt-blocks-testimonials-wrap70174_470660-23 .kt-testimonial-item-wrap{padding-top:20px;padding-right:20px;padding-bottom:20px;padding-left:20px;}.kt-blocks-testimonials-wrap70174_470660-23 .kt-testimonial-content{color:var(--contrast-3);font-size:19px;line-height:43px;font-family:Poppins;font-style:normal;font-weight:300;}.kt-blocks-testimonials-wrap70174_470660-23 .kt-testimonial-name{color:rgba(51,204,204,0.67);font-size:20px;font-weight:bold;}.kt-blocks-testimonials-wrap70174_470660-23 .kt-testimonial-occupation{color:var(--contrast-3);font-size:13px;}.kt-blocks-testimonials-wrap70174_470660-23 .kt-testimonial-item-wrap{max-width:1000px;}@media all and (max-width: 767px){.kt-blocks-testimonials-wrap70174_470660-23{padding-top:px;padding-bottom:px;margin-top:px;margin-bottom:px;}}<\/style><div class=\"kt-blocks-testimonials-wrap70174_470660-23 kt-testimonial-halign-center kt-testimonial-style-basic kt-testimonials-media-off kt-testimonials-icon-off kt-testimonial-columns-1 kt-t-xxl-col-1 kt-t-xl-col-1 kt-t-lg-col-1 kt-t-md-col-1 kt-t-sm-col-1 kt-t-xs-col-1 wp-block-kadence-testimonials\"><ul class=\"kt-blocks-testimonials-inner-wrap kt-testimonial-grid-wrap\">\n<li class=\"kt-testimonial-grid-item\"><div class=\"kt-testimonial-item-wrap kt-testimonial-item-70174_c52534-67 wp-block-kadence-testimonial\"><div class=\"kt-testimonial-text-wrap\"><div class=\"kt-testimonial-content-wrap\"><blockquote class=\"kt-testimonial-content\"><em>\u00ab La facilit\u00e9 de planification, la facturation automatique et le syst\u00e8me de paiement en ligne ont lib\u00e9r\u00e9 notre personnel administratif pour d&rsquo;autres t\u00e2ches. Nous aimons que les tuteurs aient leurs propres informations de connexion personnelles et aient acc\u00e8s \u00e0 leur emploi du temps et \u00e0 leur paie. \u00bb<\/em><\/blockquote><\/div><\/div><div class=\"kt-testimonial-meta-wrap\"><div class=\"kt-testimonial-meta-name-wrap\"><div class=\"kt-testimonial-name-wrap\"><div class=\"kt-testimonial-name\">&#8211; Stephanie M.<\/div><\/div><\/div><\/div><\/div><\/li>\n<\/ul><\/div>\n<\/div><\/div>\n\n<div data-aos=\"fade-up\" class=\"gb-container gb-container-35492a31\"><div class=\"gb-inside-container\">\n<div class=\"gb-container gb-container-3df6ddd6\"><div class=\"gb-inside-container\">\n<div class=\"gb-grid-wrapper gb-grid-wrapper-c68aad39\">\n<div class=\"gb-grid-column gb-grid-column-2616041c\"><div class=\"gb-container gb-container-2616041c\"><div class=\"gb-inside-container\">\n\n<figure class=\"gb-block-image gb-block-image-b9491720\"><img loading=\"lazy\" decoding=\"async\" width=\"901\" height=\"847\" class=\"gb-image gb-image-b9491720\" src=\"https:\/\/www.tutorbird.com\/wp-content\/uploads\/2024\/10\/MT-Permissions-fr@2x.png\" alt=\"\" title=\"MT-Permissions-fr@2x\" srcset=\"https:\/\/www.tutorbird.com\/wp-content\/uploads\/2024\/10\/MT-Permissions-fr@2x.png 901w, https:\/\/www.tutorbird.com\/wp-content\/uploads\/2024\/10\/MT-Permissions-fr@2x-300x282.png 300w, https:\/\/www.tutorbird.com\/wp-content\/uploads\/2024\/10\/MT-Permissions-fr@2x-768x722.png 768w\" sizes=\"auto, (max-width: 901px) 100vw, 901px\" \/><\/figure>\n\n<\/div><\/div><\/div>\n\n<div class=\"gb-grid-column gb-grid-column-9978af6f\"><div class=\"gb-container gb-container-9978af6f\"><div class=\"gb-inside-container\">\n\n<h2 class=\"wp-block-heading\">Personnalisez les autorisations de compte<\/h2>\n\n\n\n<p class=\"p-style\">Vos tuteurs et votre personnel peuvent avoir des comp\u00e9tences et des responsabilit\u00e9s diff\u00e9rentes. Qu&rsquo;ils aient seulement besoin de prendre la pr\u00e9sence ou de mettre \u00e0 jour le site web et de cr\u00e9er des rapports, TutorBird peut le g\u00e9rer ! Activez diff\u00e9rentes autorisations pour chaque tuteur ou membre du personnel afin qu&rsquo;ils n\u2019aient acc\u00e8s qu\u2019\u00e0 ce dont ils ont besoin.  <\/p>\n\n<\/div><\/div><\/div>\n<\/div>\n<\/div><\/div>\n<\/div><\/div>\n\n<div data-aos=\"fade-up\" class=\"gb-container gb-container-fc84779d\"><div class=\"gb-inside-container\">\n<div class=\"gb-grid-wrapper gb-grid-wrapper-41a3c7f9\">\n<div class=\"gb-grid-column gb-grid-column-f227928b\"><div class=\"gb-container gb-container-f227928b\"><div class=\"gb-inside-container\">\n\n<figure class=\"gb-block-image gb-block-image-3fdfc3a5\"><img loading=\"lazy\" decoding=\"async\" width=\"895\" height=\"861\" class=\"gb-image gb-image-3fdfc3a5 tablet-show\" src=\"https:\/\/www.tutorbird.com\/wp-content\/uploads\/2024\/10\/MT-Payroll-fr@2x.png\" alt=\"\" title=\"MT-Payroll-fr@2x\" srcset=\"https:\/\/www.tutorbird.com\/wp-content\/uploads\/2024\/10\/MT-Payroll-fr@2x.png 895w, https:\/\/www.tutorbird.com\/wp-content\/uploads\/2024\/10\/MT-Payroll-fr@2x-300x289.png 300w, https:\/\/www.tutorbird.com\/wp-content\/uploads\/2024\/10\/MT-Payroll-fr@2x-768x739.png 768w\" sizes=\"auto, (max-width: 895px) 100vw, 895px\" \/><\/figure>\n\n\n\n<h2 class=\"wp-block-heading\">Calculez automatiquement les salaires<\/h2>\n\n\n\n<p class=\"p-style\">\u00c9liminez les approximations concernant les gains de vos tuteurs. Calculez les salaires selon un taux horaire fixe ou un pourcentage de leurs revenus. De plus, avec des options flexibles comme les d\u00e9rogations de paie par cat\u00e9gorie, il n\u2019est pas n\u00e9cessaire de faire des ajustements manuels.  <\/p>\n\n<\/div><\/div><\/div>\n\n<div class=\"gb-grid-column gb-grid-column-e605fe6f\"><div class=\"gb-container gb-container-e605fe6f\"><div class=\"gb-inside-container\">\n\n<figure class=\"gb-block-image gb-block-image-7b7741a8\"><img loading=\"lazy\" decoding=\"async\" width=\"895\" height=\"861\" class=\"gb-image gb-image-7b7741a8 tablet-hide\" src=\"https:\/\/www.tutorbird.com\/wp-content\/uploads\/2024\/10\/MT-Payroll-fr@2x.png\" alt=\"\" title=\"MT-Payroll-fr@2x\" srcset=\"https:\/\/www.tutorbird.com\/wp-content\/uploads\/2024\/10\/MT-Payroll-fr@2x.png 895w, https:\/\/www.tutorbird.com\/wp-content\/uploads\/2024\/10\/MT-Payroll-fr@2x-300x289.png 300w, https:\/\/www.tutorbird.com\/wp-content\/uploads\/2024\/10\/MT-Payroll-fr@2x-768x739.png 768w\" sizes=\"auto, (max-width: 895px) 100vw, 895px\" \/><\/figure>\n\n<\/div><\/div><\/div>\n<\/div>\n<\/div><\/div>\n\n<div data-aos=\"fade-up\" class=\"gb-container gb-container-5e3e3f29 tablet-hide\"><div class=\"gb-inside-container\">\n<div class=\"gb-grid-wrapper gb-grid-wrapper-c66a1660\">\n<div class=\"gb-grid-column gb-grid-column-1ef5cce4\"><div class=\"gb-container gb-container-1ef5cce4\"><div class=\"gb-inside-container\"><\/div><\/div><\/div>\n\n<div class=\"gb-grid-column gb-grid-column-896ca1e7\"><div class=\"gb-container gb-container-896ca1e7\"><div class=\"gb-inside-container\">\n<div class=\"wp-block-image\">\n<figure class=\"alignright size-full\"><img loading=\"lazy\" decoding=\"async\" width=\"358\" height=\"296\" src=\"https:\/\/www.tutorbird.com\/wp-content\/uploads\/2023\/11\/dots-orange.png\" alt=\"\" class=\"wp-image-64778\" srcset=\"https:\/\/www.tutorbird.com\/wp-content\/uploads\/2023\/11\/dots-orange.png 358w, https:\/\/www.tutorbird.com\/wp-content\/uploads\/2023\/11\/dots-orange-300x248.png 300w\" sizes=\"auto, (max-width: 358px) 100vw, 358px\" \/><\/figure>\n<\/div>\n<\/div><\/div><\/div>\n<\/div>\n<\/div><\/div>\n\n<div data-aos=\"fade-up\" class=\"gb-container gb-container-89b6df2e\"><div class=\"gb-inside-container\">\n<div class=\"gb-grid-wrapper gb-grid-wrapper-ec615136\">\n<div class=\"gb-grid-column gb-grid-column-66f481a0\"><div class=\"gb-container gb-container-66f481a0\"><div class=\"gb-inside-container\">\n\n<figure class=\"gb-block-image gb-block-image-5f0ce32a\"><img loading=\"lazy\" decoding=\"async\" width=\"933\" height=\"889\" class=\"gb-image gb-image-5f0ce32a\" src=\"https:\/\/www.tutorbird.com\/wp-content\/uploads\/2024\/10\/MT-access-fr@2x.png\" alt=\"\" title=\"MT-access-fr@2x\" srcset=\"https:\/\/www.tutorbird.com\/wp-content\/uploads\/2024\/10\/MT-access-fr@2x.png 933w, https:\/\/www.tutorbird.com\/wp-content\/uploads\/2024\/10\/MT-access-fr@2x-300x286.png 300w, https:\/\/www.tutorbird.com\/wp-content\/uploads\/2024\/10\/MT-access-fr@2x-768x732.png 768w\" sizes=\"auto, (max-width: 933px) 100vw, 933px\" \/><\/figure>\n\n<\/div><\/div><\/div>\n\n<div class=\"gb-grid-column gb-grid-column-44911dd2\"><div class=\"gb-container gb-container-44911dd2\"><div class=\"gb-inside-container\">\n\n<h2 class=\"wp-block-heading\">Activez l&rsquo;acc\u00e8s individuel<\/h2>\n\n\n\n<p class=\"p-style\">Gardez vos tuteurs organis\u00e9s et responsables ! Chacun de vos enseignants peut se connecter pour voir son propre emploi du temps, prendre sa propre pr\u00e9sence, prendre ses propres notes de le\u00e7on et bien plus encore ! Pas besoin que les tuteurs partagent un compte et acc\u00e8dent aux informations des autres.  <\/p>\n\n<\/div><\/div><\/div>\n<\/div>\n<\/div><\/div>\n\n<div data-aos=\"fade-up\" class=\"gb-container gb-container-a01bc044\"><div class=\"gb-inside-container\">\n<div class=\"gb-grid-wrapper gb-grid-wrapper-d1894a0f\">\n<div class=\"gb-grid-column gb-grid-column-fdd1baac\"><div class=\"gb-container gb-container-fdd1baac\"><div class=\"gb-inside-container\">\n\n<figure class=\"gb-block-image gb-block-image-97eef737\"><img loading=\"lazy\" decoding=\"async\" width=\"683\" height=\"691\" class=\"gb-image gb-image-97eef737 tablet-show\" src=\"https:\/\/www.tutorbird.com\/wp-content\/uploads\/2024\/09\/set-time-zones@2x.png\" alt=\"\" title=\"set-time-zones@2x\" srcset=\"https:\/\/www.tutorbird.com\/wp-content\/uploads\/2024\/09\/set-time-zones@2x.png 683w, https:\/\/www.tutorbird.com\/wp-content\/uploads\/2024\/09\/set-time-zones@2x-297x300.png 297w\" sizes=\"auto, (max-width: 683px) 100vw, 683px\" \/><\/figure>\n\n\n\n<h2 class=\"wp-block-heading\">D\u00e9finir des plages horaires pour les tuteurs<\/h2>\n\n\n\n<p class=\"p-style\">G\u00e9rez facilement une \u00e9quipe internationale avec TutorBird en d\u00e9finissant des fuseaux horaires diff\u00e9rents pour chaque tuteur. Cela garantit une planification et des notifications pr\u00e9cises, simplifiant ainsi la coordination sur plusieurs fuseaux horaires. <\/p>\n\n<\/div><\/div><\/div>\n\n<div class=\"gb-grid-column gb-grid-column-30b6927e\"><div class=\"gb-container gb-container-30b6927e\"><div class=\"gb-inside-container\">\n\n<figure class=\"gb-block-image gb-block-image-89d0b45a\"><img loading=\"lazy\" decoding=\"async\" width=\"683\" height=\"691\" class=\"gb-image gb-image-89d0b45a tablet-hide\" src=\"https:\/\/www.tutorbird.com\/wp-content\/uploads\/2024\/09\/set-time-zones@2x.png\" alt=\"\" title=\"set-time-zones@2x\" srcset=\"https:\/\/www.tutorbird.com\/wp-content\/uploads\/2024\/09\/set-time-zones@2x.png 683w, https:\/\/www.tutorbird.com\/wp-content\/uploads\/2024\/09\/set-time-zones@2x-297x300.png 297w\" sizes=\"auto, (max-width: 683px) 100vw, 683px\" \/><\/figure>\n\n<\/div><\/div><\/div>\n<\/div>\n<\/div><\/div>\n\n<div data-aos=\"fade-up\" class=\"gb-container gb-container-714abc69\"><div class=\"gb-inside-container\">\n<div class=\"gb-grid-wrapper gb-grid-wrapper-6344e4d7\">\n<div class=\"gb-grid-column gb-grid-column-a91aeed2\"><header class=\"gb-container gb-container-a91aeed2\"><div class=\"gb-inside-container\">\n\n<h2 class=\"text_background_color\">Commencez votre essai <span>GRATUIT de 30 JOURS<\/span><\/h2>\n\n\n\n<p class=\"credit-card\">Aucune carte de cr\u00e9dit requise<\/p>\n\n\n<div class=\"gb-container gb-container-84908788\"><div class=\"gb-inside-container\">\n<div class=\"gb-button-wrapper gb-button-wrapper-52c55dde\">\n\n<a class=\"gb-button gb-button-afc810a6 gb-button-text yellow-button\" href=\"https:\/\/www.tutorbird.com\/fr\/rejoignez-gratuitement\/\">Commencez d\u00e8s aujourd&rsquo;hui !<\/a>\n\n<\/div>\n<\/div><\/div>\n<\/div><\/header><\/div>\n<\/div>\n<\/div><\/div>","protected":false},"excerpt":{"rendered":"<p>Gestion des \u00e9tudiants Calendrier et pr\u00e9sences Factures et paiements Fonctionnalit\u00e9s d&rsquo;entreprise Gestion de l&rsquo;apprentissage Multi-Tuteur Portail \u00e9tudiant Int\u00e9grations Cr\u00e9ateur du site web Multi-Tuteur Ajoutez des tuteurs et des membres du personnel, g\u00e9rez leurs acc\u00e8s et calculez les salaires. D\u00e9veloppez votre studio en toute simplicit\u00e9 Les fonctionnalit\u00e9s int\u00e9gr\u00e9es multi-tuteur et une &#8230; <\/p>\n<p class=\"read-more-container\"><a title=\"Multi-Tuteur\" class=\"read-more button\" href=\"https:\/\/www.tutorbird.com\/fr\/multi-tuteur\/#more-70174\" aria-label=\"En savoir plus sur Multi-Tuteur\">Read More<\/a><\/p>\n","protected":false},"author":6,"featured_media":0,"parent":0,"menu_order":0,"comment_status":"closed","ping_status":"closed","template":"","meta":{"inline_featured_image":false,"footnotes":""},"class_list":{"0":"post-70174","1":"page","2":"type-page","3":"status-publish","5":"no-featured-image-padding"},"_links":{"self":[{"href":"https:\/\/www.tutorbird.com\/fr\/wp-json\/wp\/v2\/pages\/70174","targetHints":{"allow":["GET"]}}],"collection":[{"href":"https:\/\/www.tutorbird.com\/fr\/wp-json\/wp\/v2\/pages"}],"about":[{"href":"https:\/\/www.tutorbird.com\/fr\/wp-json\/wp\/v2\/types\/page"}],"author":[{"embeddable":true,"href":"https:\/\/www.tutorbird.com\/fr\/wp-json\/wp\/v2\/users\/6"}],"replies":[{"embeddable":true,"href":"https:\/\/www.tutorbird.com\/fr\/wp-json\/wp\/v2\/comments?post=70174"}],"version-history":[{"count":5,"href":"https:\/\/www.tutorbird.com\/fr\/wp-json\/wp\/v2\/pages\/70174\/revisions"}],"predecessor-version":[{"id":70849,"href":"https:\/\/www.tutorbird.com\/fr\/wp-json\/wp\/v2\/pages\/70174\/revisions\/70849"}],"wp:attachment":[{"href":"https:\/\/www.tutorbird.com\/fr\/wp-json\/wp\/v2\/media?parent=70174"}],"curies":[{"name":"wp","href":"https:\/\/api.w.org\/{rel}","templated":true}]}}